{"id":3,"date":"2025-08-28T16:17:25","date_gmt":"2025-08-28T16:17:25","guid":{"rendered":"http:\/\/ledsportx.com\/?page_id=3"},"modified":"2026-01-03T22:52:50","modified_gmt":"2026-01-03T22:52:50","slug":"privacy-policy","status":"publish","type":"page","link":"https:\/\/www.ledsportx.com\/es\/privacy-policy\/","title":{"rendered":"Pol\u00edtica de privacidad"},"content":{"rendered":"<div data-elementor-type=\"wp-page\" data-elementor-id=\"3\" class=\"elementor elementor-3\" data-elementor-post-type=\"page\">\n\t\t\t\t<div class=\"elementor-element elementor-element-b1007bb e-con-full e-flex e-con e-parent\" data-id=\"b1007bb\" data-element_type=\"container\">\n\t\t<div class=\"elementor-element elementor-element-0c8a49c e-con-full e-flex e-con e-child\" data-id=\"0c8a49c\" data-element_type=\"container\" data-settings=\"{&quot;background_background&quot;:&quot;slideshow&quot;,&quot;background_slideshow_gallery&quot;:[{&quot;id&quot;:2678,&quot;url&quot;:&quot;https:\\\/\\\/www.ledsportx.com\\\/wp-content\\\/uploads\\\/2025\\\/09\\\/Professional_Football_Field_Lighting_01.webp&quot;},{&quot;id&quot;:2679,&quot;url&quot;:&quot;https:\\\/\\\/www.ledsportx.com\\\/wp-content\\\/uploads\\\/2025\\\/09\\\/Professional_Football_Field_Lighting_03.webp&quot;}],&quot;background_slideshow_ken_burns&quot;:&quot;yes&quot;,&quot;background_slideshow_loop&quot;:&quot;yes&quot;,&quot;background_slideshow_slide_duration&quot;:5000,&quot;background_slideshow_slide_transition&quot;:&quot;fade&quot;,&quot;background_slideshow_transition_duration&quot;:500,&quot;background_slideshow_ken_burns_zoom_direction&quot;:&quot;in&quot;}\">\n\t\t<div class=\"elementor-element elementor-element-c77590f e-flex e-con-boxed e-con e-child\" data-id=\"c77590f\" data-element_type=\"container\">\n\t\t\t\t\t<div class=\"e-con-inner\">\n\t\t\t\t<div class=\"elementor-element elementor-element-333151f elementor-invisible elementor-widget elementor-widget-heading\" data-id=\"333151f\" data-element_type=\"widget\" data-settings=\"{&quot;_animation&quot;:&quot;slideInDown&quot;}\" data-widget_type=\"heading.default\">\n\t\t\t\t\t<h1 class=\"elementor-heading-title elementor-size-default\">Pol\u00edtica de privacidad<\/h1>\t\t\t\t<\/div>\n\t\t\t\t<div class=\"elementor-element elementor-element-84314ae elementor-invisible elementor-widget elementor-widget-text-editor\" data-id=\"84314ae\" data-element_type=\"widget\" data-settings=\"{&quot;_animation&quot;:&quot;slideInUp&quot;}\" data-widget_type=\"text-editor.default\">\n\t\t\t\t\t\t\t\t\t<p>Home &gt; Privacy Policy<\/p>\t\t\t\t\t\t\t\t<\/div>\n\t\t\t\t\t<\/div>\n\t\t\t\t<\/div>\n\t\t\t\t<\/div>\n\t\t\t\t<\/div>\n\t\t<div class=\"elementor-element elementor-element-62c8b83 e-flex e-con-boxed e-con e-parent\" data-id=\"62c8b83\" data-element_type=\"container\">\n\t\t\t\t\t<div class=\"e-con-inner\">\n\t\t\t\t<div class=\"elementor-element elementor-element-8b28b00 elementor-widget elementor-widget-text-editor\" data-id=\"8b28b00\" data-element_type=\"widget\" data-widget_type=\"text-editor.default\">\n\t\t\t\t\t\t\t\t\t<div class=\"legal-document-container\" style=\"line-height: 1.8; color: #333; max-width: 900px; margin: 0 auto; padding: 20px;\"><p style=\"color: #666; font-size: 0.9rem;\"><strong>Last Updated: December 22, 2025<\/strong><\/p><p style=\"background: #f9f9f9; padding: 20px; border-left: 4px solid #FFD700; margin: 30px 0;\"><strong>LEDSportX<\/strong> operates the <a href=\"https:\/\/www.ledsportx.com\/es\/\"><strong>www.LEDSportX.com<\/strong><\/a> website, which provides our lighting services and information hub. This page informs website visitors of our policies regarding the collection, use, and disclosure of Personal Information if anyone decided to use our Service.<\/p><h2 style=\"font-size: 1.5rem; color: #1a1a1a; margin-top: 40px;\">Information Collection and Use<\/h2><div style=\"padding-left: 15px;\"><p>Whether you are downloading our <strong>lighting catalogue<\/strong>, filling out a <strong>lead form<\/strong>, or booking a <strong>Dialux design appointment<\/strong>, we may ask you for the following information:<\/p><ul style=\"list-style-type: square; padding-left: 20px; color: #444;\"><li>Your Name<\/li><li>Your Telephone Number<\/li><li>Your Email Address<\/li><li>Project Details (Field size, location, etc.)<\/li><\/ul><\/div><h2 style=\"font-size: 1.5rem; color: #1a1a1a; margin-top: 40px;\">Log Data &amp; Cookies<\/h2><div style=\"padding-left: 15px;\"><p>We collect <strong>\u201cLog Data\u201d<\/strong> which includes your IP address, browser version, and pages visited. Our website uses <strong>\u201cCookies\u201d<\/strong> to collect information and improve our service. You have the option to either accept or refuse these cookies in your browser settings. Please note that refusing cookies may limit your access to some portions of our Service.<\/p><\/div><h2 style=\"font-size: 1.5rem; color: #1a1a1a; margin-top: 40px;\">Service Providers<\/h2><div style=\"padding-left: 15px;\"><p>We may employ third-party companies (such as shipping partners or technical consultants) due to the following reasons:<\/p><ul style=\"list-style-type: disc; padding-left: 20px;\"><li>To facilitate our Service;<\/li><li>To provide the Service on our behalf;<\/li><li>To perform Service-related services.<\/li><\/ul><p>We will only disclose your information to our <strong>approved network of professional partners<\/strong> for operational purposes, and we will <u>never<\/u> sell your details for marketing purposes.<\/p><\/div><h2 style=\"font-size: 1.5rem; color: #1a1a1a; margin-top: 40px;\">Security<\/h2><div style=\"padding-left: 15px;\"><p>All information provided to us is stored on secure servers. While we strive to use commercially acceptable means of protecting your Personal Information, please remember that no method of transmission over the internet or electronic storage is 100% secure, and we cannot guarantee its absolute security.<\/p><\/div><h2 style=\"font-size: 1.5rem; color: #1a1a1a; margin-top: 40px;\">Contact Us<\/h2><div style=\"padding-left: 15px; background: #fffdf0; padding: 20px; border: 1px dashed #FFD700; border-radius: 8px;\"><p>If you have any requests concerning your personal information, please reach out to us directly:<\/p><p style=\"margin-bottom: 5px;\"><strong>Email:<\/strong> <a style=\"color: #1a1a1a;\" href=\"mailto:jason@LEDSportX.com\">jason@LEDSportX.com<\/a><\/p><p><strong>Phone:<\/strong> +86 13622701011<\/p><\/div><hr style=\"margin-top: 50px; border: 0; border-top: 1px solid #eee;\" \/><p style=\"text-align: center; color: #999; font-size: 0.8rem;\">\u00a9 2025 LEDSportX. All Rights Reserved.<\/p><\/div>\t\t\t\t\t\t\t\t<\/div>\n\t\t\t\t\t<\/div>\n\t\t\t\t<\/div>\n\t\t\t\t<\/div>","protected":false},"excerpt":{"rendered":"<p>Pol\u00edtica de privacidad Home &gt; pol\u00edtica de privacidad \u00faltima actualizaci\u00f3n: 22 de diciembre de 2025 LEDSportX opera el sitio web www.LEDSportX.com, que [...]<\/p>","protected":false},"author":1,"featured_media":0,"parent":0,"menu_order":0,"comment_status":"closed","ping_status":"open","template":"elementor_header_footer","meta":{"site-sidebar-layout":"default","site-content-layout":"","ast-site-content-layout":"full-width-container","site-content-style":"default","site-sidebar-style":"default","ast-global-header-display":"","ast-banner-title-visibility":"","ast-main-header-display":"","ast-hfb-above-header-display":"","ast-hfb-below-header-display":"","ast-hfb-mobile-header-display":"","site-post-title":"","ast-breadcrumbs-content":"","ast-featured-img":"","footer-sml-layout":"","theme-transparent-header-meta":"","adv-header-id-meta":"","stick-header-meta":"","header-above-stick-meta":"","header-main-stick-meta":"","header-below-stick-meta":"","astra-migrate-meta-layouts":"default","ast-page-background-enabled":"default","ast-page-background-meta":{"desktop":{"background-color":"var(--ast-global-color-4)","background-image":"","background-repeat":"repeat","background-position":"center center","background-size":"auto","background-attachment":"scroll","background-type":"","background-media":"","overlay-type":"","overlay-color":"","overlay-opacity":"","overlay-gradient":""},"tablet":{"background-color":"","background-image":"","background-repeat":"repeat","background-position":"center center","background-size":"auto","background-attachment":"scroll","background-type":"","background-media":"","overlay-type":"","overlay-color":"","overlay-opacity":"","overlay-gradient":""},"mobile":{"background-color":"","background-image":"","background-repeat":"repeat","background-position":"center center","background-size":"auto","background-attachment":"scroll","background-type":"","background-media":"","overlay-type":"","overlay-color":"","overlay-opacity":"","overlay-gradient":""}},"ast-content-background-meta":{"desktop":{"background-color":"var(--ast-global-color-5)","background-image":"","background-repeat":"repeat","background-position":"center center","background-size":"auto","background-attachment":"scroll","background-type":"","background-media":"","overlay-type":"","overlay-color":"","overlay-opacity":"","overlay-gradient":""},"tablet":{"background-color":"var(--ast-global-color-5)","background-image":"","background-repeat":"repeat","background-position":"center center","background-size":"auto","background-attachment":"scroll","background-type":"","background-media":"","overlay-type":"","overlay-color":"","overlay-opacity":"","overlay-gradient":""},"mobile":{"background-color":"var(--ast-global-color-5)","background-image":"","background-repeat":"repeat","background-position":"center center","background-size":"auto","background-attachment":"scroll","background-type":"","background-media":"","overlay-type":"","overlay-color":"","overlay-opacity":"","overlay-gradient":""}},"footnotes":""},"class_list":["post-3","page","type-page","status-publish","hentry"],"yoast_head":"<!-- This site is optimized with the Yoast SEO Premium plugin v23.0 (Yoast SEO v23.0) - https:\/\/yoast.com\/wordpress\/plugins\/seo\/ -->\n<title>Privacy Policy | LEDSportX Solar Sports Lighting<\/title>\n<meta name=\"description\" content=\"Read the LEDSportX Privacy Policy. Learn how we handle your information when you request catalogs, lighting designs, or project quotes.\" \/>\n<meta name=\"robots\" content=\"index, follow, max-snippet:-1, max-image-preview:large, max-video-preview:-1\" \/>\n<link rel=\"canonical\" href=\"https:\/\/www.ledsportx.com\/es\/privacy-policy\/\" \/>\n<meta property=\"og:locale\" content=\"es_ES\" \/>\n<meta property=\"og:type\" content=\"article\" \/>\n<meta property=\"og:title\" content=\"Privacy Policy | LEDSportX Solar Sports Lighting\" \/>\n<meta property=\"og:description\" content=\"Read the LEDSportX Privacy Policy. Learn how we handle your information when you request catalogs, lighting designs, or project quotes.\" \/>\n<meta property=\"og:url\" content=\"https:\/\/www.ledsportx.com\/es\/privacy-policy\/\" \/>\n<meta property=\"og:site_name\" content=\"LEDSportX \u2013 Solar LED Football Field Lighting Solutions\" \/>\n<meta property=\"article:modified_time\" content=\"2026-01-03T22:52:50+00:00\" \/>\n<meta property=\"og:image\" content=\"https:\/\/www.ledsportx.com\/wp-content\/uploads\/2025\/12\/LedSportX-lighting-poles-details.webp\" \/>\n\t<meta property=\"og:image:width\" content=\"2528\" \/>\n\t<meta property=\"og:image:height\" content=\"1696\" \/>\n\t<meta property=\"og:image:type\" content=\"image\/webp\" \/>\n<script type=\"application\/ld+json\" class=\"yoast-schema-graph\">{\"@context\":\"https:\/\/schema.org\",\"@graph\":[{\"@type\":\"WebPage\",\"@id\":\"https:\/\/www.ledsportx.com\/privacy-policy\/\",\"url\":\"https:\/\/www.ledsportx.com\/privacy-policy\/\",\"name\":\"Privacy Policy | LEDSportX Solar Sports Lighting\",\"isPartOf\":{\"@id\":\"https:\/\/www.ledsportx.com\/#website\"},\"datePublished\":\"2025-08-28T16:17:25+00:00\",\"dateModified\":\"2026-01-03T22:52:50+00:00\",\"description\":\"Read the LEDSportX Privacy Policy. Learn how we handle your information when you request catalogs, lighting designs, or project quotes.\",\"breadcrumb\":{\"@id\":\"https:\/\/www.ledsportx.com\/privacy-policy\/#breadcrumb\"},\"inLanguage\":\"es\",\"potentialAction\":[{\"@type\":\"ReadAction\",\"target\":[\"https:\/\/www.ledsportx.com\/privacy-policy\/\"]}]},{\"@type\":\"BreadcrumbList\",\"@id\":\"https:\/\/www.ledsportx.com\/privacy-policy\/#breadcrumb\",\"itemListElement\":[{\"@type\":\"ListItem\",\"position\":1,\"name\":\"home\",\"item\":\"https:\/\/www.ledsportx.com\/\"},{\"@type\":\"ListItem\",\"position\":2,\"name\":\"Privacy Policy\"}]},{\"@type\":\"WebSite\",\"@id\":\"https:\/\/www.ledsportx.com\/#website\",\"url\":\"https:\/\/www.ledsportx.com\/\",\"name\":\"LEDSportX \u2013 Solar LED Football Field Lighting Solutions\",\"description\":\"Powering the Game with Sustainable &amp; High-Performance Lighting\",\"publisher\":{\"@id\":\"https:\/\/www.ledsportx.com\/#organization\"},\"potentialAction\":[{\"@type\":\"SearchAction\",\"target\":{\"@type\":\"EntryPoint\",\"urlTemplate\":\"https:\/\/www.ledsportx.com\/?s={search_term_string}\"},\"query-input\":\"required name=search_term_string\"}],\"inLanguage\":\"es\"},{\"@type\":\"Organization\",\"@id\":\"https:\/\/www.ledsportx.com\/#organization\",\"name\":\"LEDSportX \u2013 Solar LED Football Field Lighting Solutions\",\"url\":\"https:\/\/www.ledsportx.com\/\",\"logo\":{\"@type\":\"ImageObject\",\"inLanguage\":\"es\",\"@id\":\"https:\/\/www.ledsportx.com\/#\/schema\/logo\/image\/\",\"url\":\"https:\/\/www.ledsportx.com\/wp-content\/uploads\/2025\/09\/LEDSPORTX.svg\",\"contentUrl\":\"https:\/\/www.ledsportx.com\/wp-content\/uploads\/2025\/09\/LEDSPORTX.svg\",\"width\":1300,\"height\":162,\"caption\":\"LEDSportX \u2013 Solar LED Football Field Lighting Solutions\"},\"image\":{\"@id\":\"https:\/\/www.ledsportx.com\/#\/schema\/logo\/image\/\"}}]}<\/script>\n<!-- \/ Yoast SEO Premium plugin. -->","yoast_head_json":{"title":"Privacy Policy | LEDSportX Solar Sports Lighting","description":"Read the LEDSportX Privacy Policy. Learn how we handle your information when you request catalogs, lighting designs, or project quotes.","robots":{"index":"index","follow":"follow","max-snippet":"max-snippet:-1","max-image-preview":"max-image-preview:large","max-video-preview":"max-video-preview:-1"},"canonical":"https:\/\/www.ledsportx.com\/es\/privacy-policy\/","og_locale":"es_ES","og_type":"article","og_title":"Privacy Policy | LEDSportX Solar Sports Lighting","og_description":"Read the LEDSportX Privacy Policy. Learn how we handle your information when you request catalogs, lighting designs, or project quotes.","og_url":"https:\/\/www.ledsportx.com\/es\/privacy-policy\/","og_site_name":"LEDSportX \u2013 Solar LED Football Field Lighting Solutions","article_modified_time":"2026-01-03T22:52:50+00:00","og_image":[{"width":2528,"height":1696,"url":"https:\/\/www.ledsportx.com\/wp-content\/uploads\/2025\/12\/LedSportX-lighting-poles-details.webp","type":"image\/webp"}],"schema":{"@context":"https:\/\/schema.org","@graph":[{"@type":"WebPage","@id":"https:\/\/www.ledsportx.com\/privacy-policy\/","url":"https:\/\/www.ledsportx.com\/privacy-policy\/","name":"Privacy Policy | LEDSportX Solar Sports Lighting","isPartOf":{"@id":"https:\/\/www.ledsportx.com\/#website"},"datePublished":"2025-08-28T16:17:25+00:00","dateModified":"2026-01-03T22:52:50+00:00","description":"Read the LEDSportX Privacy Policy. Learn how we handle your information when you request catalogs, lighting designs, or project quotes.","breadcrumb":{"@id":"https:\/\/www.ledsportx.com\/privacy-policy\/#breadcrumb"},"inLanguage":"es","potentialAction":[{"@type":"ReadAction","target":["https:\/\/www.ledsportx.com\/privacy-policy\/"]}]},{"@type":"BreadcrumbList","@id":"https:\/\/www.ledsportx.com\/privacy-policy\/#breadcrumb","itemListElement":[{"@type":"ListItem","position":1,"name":"home","item":"https:\/\/www.ledsportx.com\/"},{"@type":"ListItem","position":2,"name":"Privacy Policy"}]},{"@type":"WebSite","@id":"https:\/\/www.ledsportx.com\/#website","url":"https:\/\/www.ledsportx.com\/","name":"LEDSportX \u2013 Soluciones de Iluminaci\u00f3n LED Solar para Campos de F\u00fatbol","description":"Alimentar el juego con iluminaci\u00f3n sostenible y de alto rendimiento","publisher":{"@id":"https:\/\/www.ledsportx.com\/#organization"},"potentialAction":[{"@type":"SearchAction","target":{"@type":"EntryPoint","urlTemplate":"https:\/\/www.ledsportx.com\/?s={search_term_string}"},"query-input":"required name=search_term_string"}],"inLanguage":"es"},{"@type":"Organization","@id":"https:\/\/www.ledsportx.com\/#organization","name":"LEDSportX \u2013 Soluciones de Iluminaci\u00f3n LED Solar para Campos de F\u00fatbol","url":"https:\/\/www.ledsportx.com\/","logo":{"@type":"ImageObject","inLanguage":"es","@id":"https:\/\/www.ledsportx.com\/#\/schema\/logo\/image\/","url":"https:\/\/www.ledsportx.com\/wp-content\/uploads\/2025\/09\/LEDSPORTX.svg","contentUrl":"https:\/\/www.ledsportx.com\/wp-content\/uploads\/2025\/09\/LEDSPORTX.svg","width":1300,"height":162,"caption":"LEDSportX \u2013 Solar LED Football Field Lighting Solutions"},"image":{"@id":"https:\/\/www.ledsportx.com\/#\/schema\/logo\/image\/"}}]}},"_links":{"self":[{"href":"https:\/\/www.ledsportx.com\/es\/wp-json\/wp\/v2\/pages\/3","targetHints":{"allow":["GET"]}}],"collection":[{"href":"https:\/\/www.ledsportx.com\/es\/wp-json\/wp\/v2\/pages"}],"about":[{"href":"https:\/\/www.ledsportx.com\/es\/wp-json\/wp\/v2\/types\/page"}],"author":[{"embeddable":true,"href":"https:\/\/www.ledsportx.com\/es\/wp-json\/wp\/v2\/users\/1"}],"replies":[{"embeddable":true,"href":"https:\/\/www.ledsportx.com\/es\/wp-json\/wp\/v2\/comments?post=3"}],"version-history":[{"count":3,"href":"https:\/\/www.ledsportx.com\/es\/wp-json\/wp\/v2\/pages\/3\/revisions"}],"predecessor-version":[{"id":6713,"href":"https:\/\/www.ledsportx.com\/es\/wp-json\/wp\/v2\/pages\/3\/revisions\/6713"}],"wp:attachment":[{"href":"https:\/\/www.ledsportx.com\/es\/wp-json\/wp\/v2\/media?parent=3"}],"curies":[{"name":"WP","href":"https:\/\/api.w.org\/{rel}","templated":true}]}}