{"id":6084,"date":"2025-12-22T20:18:15","date_gmt":"2025-12-22T20:18:15","guid":{"rendered":"https:\/\/www.ledsportx.com\/?page_id=6084"},"modified":"2026-01-03T23:14:40","modified_gmt":"2026-01-03T23:14:40","slug":"terms","status":"publish","type":"page","link":"https:\/\/www.ledsportx.com\/es\/terms\/","title":{"rendered":"T\u00e9rminos y condiciones"},"content":{"rendered":"<div data-elementor-type=\"wp-page\" data-elementor-id=\"6084\" class=\"elementor elementor-6084\" data-elementor-post-type=\"page\">\n\t\t\t\t<div class=\"elementor-element elementor-element-847394e e-con-full e-flex e-con e-parent\" data-id=\"847394e\" data-element_type=\"container\">\n\t\t<div class=\"elementor-element elementor-element-9912ba2 e-con-full e-flex e-con e-child\" data-id=\"9912ba2\" data-element_type=\"container\" data-settings=\"{&quot;background_background&quot;:&quot;slideshow&quot;,&quot;background_slideshow_gallery&quot;:[{&quot;id&quot;:2678,&quot;url&quot;:&quot;https:\\\/\\\/www.ledsportx.com\\\/wp-content\\\/uploads\\\/2025\\\/09\\\/Professional_Football_Field_Lighting_01.webp&quot;},{&quot;id&quot;:2679,&quot;url&quot;:&quot;https:\\\/\\\/www.ledsportx.com\\\/wp-content\\\/uploads\\\/2025\\\/09\\\/Professional_Football_Field_Lighting_03.webp&quot;}],&quot;background_slideshow_ken_burns&quot;:&quot;yes&quot;,&quot;background_slideshow_loop&quot;:&quot;yes&quot;,&quot;background_slideshow_slide_duration&quot;:5000,&quot;background_slideshow_slide_transition&quot;:&quot;fade&quot;,&quot;background_slideshow_transition_duration&quot;:500,&quot;background_slideshow_ken_burns_zoom_direction&quot;:&quot;in&quot;}\">\n\t\t<div class=\"elementor-element elementor-element-2e10fa6 e-flex e-con-boxed e-con e-child\" data-id=\"2e10fa6\" data-element_type=\"container\">\n\t\t\t\t\t<div class=\"e-con-inner\">\n\t\t\t\t<div class=\"elementor-element elementor-element-62bb2ba elementor-invisible elementor-widget elementor-widget-heading\" data-id=\"62bb2ba\" data-element_type=\"widget\" data-settings=\"{&quot;_animation&quot;:&quot;slideInDown&quot;}\" data-widget_type=\"heading.default\">\n\t\t\t\t\t<h1 class=\"elementor-heading-title elementor-size-default\">T\u00e9rminos y condiciones<\/h1>\t\t\t\t<\/div>\n\t\t\t\t<div class=\"elementor-element elementor-element-0521589 elementor-invisible elementor-widget elementor-widget-text-editor\" data-id=\"0521589\" data-element_type=\"widget\" data-settings=\"{&quot;_animation&quot;:&quot;slideInUp&quot;}\" data-widget_type=\"text-editor.default\">\n\t\t\t\t\t\t\t\t\t<p>Inicio &gt; t\u00e9rminos y condiciones<\/p>\t\t\t\t\t\t\t\t<\/div>\n\t\t\t\t\t<\/div>\n\t\t\t\t<\/div>\n\t\t\t\t<\/div>\n\t\t\t\t<\/div>\n\t\t<div class=\"elementor-element elementor-element-73d5342 e-flex e-con-boxed e-con e-parent\" data-id=\"73d5342\" data-element_type=\"container\">\n\t\t\t\t\t<div class=\"e-con-inner\">\n\t\t\t\t<div class=\"elementor-element elementor-element-bdfa894 elementor-widget elementor-widget-text-editor\" data-id=\"bdfa894\" data-element_type=\"widget\" data-widget_type=\"text-editor.default\">\n\t\t\t\t\t\t\t\t\t<div class=\"legal-document-container\" style=\"line-height: 1.8; color: #333; max-width: 900px; margin: 0 auto; padding: 20px;\"><p style=\"color: #666; font-size: 0.9rem;\"><strong>Last Updated: December 22, 2025<\/strong><\/p><p style=\"background: #f9f9f9; padding: 20px; border-left: 4px solid #FFD700; margin: 30px 0;\">Bienvenido a nuestro sitio! Este documento es un acuerdo legalmente vinculante entre usted como usuario (s) del sitio (referido como \u201custed\u201d, \u201csu\u201d o \u201cusuario\u201d en adelante) y <a href=\"https:\/\/www.ledsportx.com\/es\/\" target=\"_blank\" rel=\"noopener\"><strong>www.ledsportx.com<\/strong><\/a> - propietario del sitio www.ledsportx.com.<\/p><h2 style=\"font-size: 1.5rem; color: #1a1a1a; margin-top: 40px;\">1. Aplicaci\u00f3n y aceptaci\u00f3n de los t\u00e9rminos<\/h2><div style=\"padding-left: 15px;\"><p><strong>1.1<\/strong> Su uso de los servicios y productos de www.ledsportx.com est\u00e1 sujeto a los t\u00e9rminos y condiciones contenidos en este documento, as\u00ed como a la pol\u00edtica de privacidad. Al acceder al sitio, usted acepta estar obligado por estos t\u00e9rminos.<\/p><p><strong>1.2<\/strong> Usted no puede utilizar los servicios si (a) no tiene la edad legal para formar un contrato vinculante, o (b) no se le permite recibir servicios bajo las leyes de PR China u otras jurisdicciones aplicables.<\/p><p><strong>1.3<\/strong> LEDSportX puede modificar cualquier t\u00e9rmino en cualquier momento mediante la publicaci\u00f3n de los t\u00e9rminos modificados en el sitio. El uso continuado de los servicios implica la aceptaci\u00f3n de las condiciones modificadas.<\/p><\/div><h2 style=\"font-size: 1.5rem; color: #1a1a1a; margin-top: 40px;\">2. Usuarios en general<\/h2><div style=\"padding-left: 15px;\"><p><strong>2.1<\/strong> Usted acepta cumplir con todas las leyes y reglamentos aplicables al usar www.ledsportx.com.<\/p><p><strong>2.2<\/strong> Usted debe leer y aceptar el <strong>Pol\u00edtica de privacidad<\/strong>, Que rige la protecci\u00f3n y uso de los datos personales en nuestro poder.<\/p><p><strong>2.3<\/strong> Se proh\u00edbe a los usuarios intentar socavar la integridad de los sistemas inform\u00e1ticos o redes de LEDSportX o obtener acceso no autorizado.<\/p><p><strong>2.4<\/strong> <span style=\"text-decoration: underline;\">Protecci\u00f3n de la propiedad intelectual:<\/span> Usted acepta no tomar ventaja de la informaci\u00f3n listada en el sitio para actividades que incluyen: establecer niveles de precios competitivos, preparar contenidos del sitio web o escribir contratos sin la participaci\u00f3n de LEDSportX.<\/p><\/div><h2 style=\"font-size: 1.5rem; color: #1a1a1a; margin-top: 40px;\">3. Productos y precios<\/h2><div style=\"padding-left: 15px;\"><p><strong>3.1<\/strong> A medida que Actualizamos continuamente nuestros productos, cualquier especificaci\u00f3n t\u00e9cnica o no t\u00e9cnica (incluyendo informes, simuldialux e im\u00e1genes) puede ser cambisin notificaci\u00f3n previa.<\/p><p><strong>3.2<\/strong> Los precios ofrecidos en el sitio web o por representantes est\u00e1n sujetos a cambios sin previo aviso.<\/p><\/div><h2 style=\"font-size: 1.5rem; color: #1a1a1a; margin-top: 40px;\">4. Limitaci\u00f3n de responsabilidad<\/h2><div style=\"padding-left: 15px;\"><p><strong>4.1<\/strong> Cualquier material obtenido a trav\u00e9s de www.ledsportx.com se hace a la sola discreci\u00f3n y riesgo de cada usuario. LEDSportX no es responsable de ning\u00fan da\u00f1o a los sistemas inform\u00e1ticos o p\u00e9rdida de datos como resultado de dichas descargas.<\/p><\/div><hr style=\"margin-top: 50px; border: 0; border-top: 1px solid #eee;\" \/><p style=\"text-align: center; color: #999; font-size: 0.8rem;\">\u00a9 2025 LEDSportX. All Rights Reserved.<\/p><\/div>\t\t\t\t\t\t\t\t<\/div>\n\t\t\t\t\t<\/div>\n\t\t\t\t<\/div>\n\t\t\t\t<\/div>","protected":false},"excerpt":{"rendered":"<p>T\u00e9rminos y condiciones Home &gt; t\u00e9rminos y condiciones \u00faltima actualizaci\u00f3n: diciembre 22, 2025 \u00a1Bienvenidos a nuestro sitio! [\u2026]<\/p>","protected":false},"author":1,"featured_media":0,"parent":0,"menu_order":0,"comment_status":"closed","ping_status":"closed","template":"","meta":{"site-sidebar-layout":"no-sidebar","site-content-layout":"page-builder","ast-site-content-layout":"full-width-container","site-content-style":"default","site-sidebar-style":"default","ast-global-header-display":"","ast-banner-title-visibility":"","ast-main-header-display":"","ast-hfb-above-header-display":"","ast-hfb-below-header-display":"","ast-hfb-mobile-header-display":"","site-post-title":"","ast-breadcrumbs-content":"","ast-featured-img":"disabled","footer-sml-layout":"","theme-transparent-header-meta":"","adv-header-id-meta":"","stick-header-meta":"","header-above-stick-meta":"","header-main-stick-meta":"","header-below-stick-meta":"","astra-migrate-meta-layouts":"set","ast-page-background-enabled":"default","ast-page-background-meta":{"desktop":{"background-color":"var(--ast-global-color-4)","background-image":"","background-repeat":"repeat","background-position":"center center","background-size":"auto","background-attachment":"scroll","background-type":"","background-media":"","overlay-type":"","overlay-color":"","overlay-opacity":"","overlay-gradient":""},"tablet":{"background-color":"","background-image":"","background-repeat":"repeat","background-position":"center center","background-size":"auto","background-attachment":"scroll","background-type":"","background-media":"","overlay-type":"","overlay-color":"","overlay-opacity":"","overlay-gradient":""},"mobile":{"background-color":"","background-image":"","background-repeat":"repeat","background-position":"center center","background-size":"auto","background-attachment":"scroll","background-type":"","background-media":"","overlay-type":"","overlay-color":"","overlay-opacity":"","overlay-gradient":""}},"ast-content-background-meta":{"desktop":{"background-color":"var(--ast-global-color-5)","background-image":"","background-repeat":"repeat","background-position":"center center","background-size":"auto","background-attachment":"scroll","background-type":"","background-media":"","overlay-type":"","overlay-color":"","overlay-opacity":"","overlay-gradient":""},"tablet":{"background-color":"var(--ast-global-color-5)","background-image":"","background-repeat":"repeat","background-position":"center center","background-size":"auto","background-attachment":"scroll","background-type":"","background-media":"","overlay-type":"","overlay-color":"","overlay-opacity":"","overlay-gradient":""},"mobile":{"background-color":"var(--ast-global-color-5)","background-image":"","background-repeat":"repeat","background-position":"center center","background-size":"auto","background-attachment":"scroll","background-type":"","background-media":"","overlay-type":"","overlay-color":"","overlay-opacity":"","overlay-gradient":""}},"footnotes":""},"class_list":["post-6084","page","type-page","status-publish","hentry"],"yoast_head":"<!-- This site is optimized with the Yoast SEO Premium plugin v23.0 (Yoast SEO v23.0) - https:\/\/yoast.com\/wordpress\/plugins\/seo\/ -->\n<title>Terms and Conditions | LEDSportX Solar Sports Lighting<\/title>\n<meta name=\"description\" content=\"Read the terms and conditions for using LEDSportX&#039;s website and services. Learn about our product specifications, pricing policies, and intellectual property rights.\" \/>\n<meta name=\"robots\" content=\"index, follow, max-snippet:-1, max-image-preview:large, max-video-preview:-1\" \/>\n<link rel=\"canonical\" href=\"https:\/\/www.ledsportx.com\/es\/terms\/\" \/>\n<meta property=\"og:locale\" content=\"es_ES\" \/>\n<meta property=\"og:type\" content=\"article\" \/>\n<meta property=\"og:title\" content=\"terms\" \/>\n<meta property=\"og:description\" content=\"Read the terms and conditions for using LEDSportX&#039;s website and services. Learn about our product specifications, pricing policies, and intellectual property rights.\" \/>\n<meta property=\"og:url\" content=\"https:\/\/www.ledsportx.com\/es\/terms\/\" \/>\n<meta property=\"og:site_name\" content=\"LEDSportX \u2013 Solar LED Football Field Lighting Solutions\" \/>\n<meta property=\"article:modified_time\" content=\"2026-01-03T23:14:40+00:00\" \/>\n<meta property=\"og:image\" content=\"https:\/\/www.ledsportx.com\/wp-content\/uploads\/2025\/12\/LedSportX-lighting-poles-details.webp\" \/>\n\t<meta property=\"og:image:width\" content=\"2528\" \/>\n\t<meta property=\"og:image:height\" content=\"1696\" \/>\n\t<meta property=\"og:image:type\" content=\"image\/webp\" \/>\n<script type=\"application\/ld+json\" class=\"yoast-schema-graph\">{\"@context\":\"https:\/\/schema.org\",\"@graph\":[{\"@type\":\"WebPage\",\"@id\":\"https:\/\/www.ledsportx.com\/terms\/\",\"url\":\"https:\/\/www.ledsportx.com\/terms\/\",\"name\":\"Terms and Conditions | LEDSportX Solar Sports Lighting\",\"isPartOf\":{\"@id\":\"https:\/\/www.ledsportx.com\/#website\"},\"datePublished\":\"2025-12-22T20:18:15+00:00\",\"dateModified\":\"2026-01-03T23:14:40+00:00\",\"description\":\"Read the terms and conditions for using LEDSportX's website and services. Learn about our product specifications, pricing policies, and intellectual property rights.\",\"breadcrumb\":{\"@id\":\"https:\/\/www.ledsportx.com\/terms\/#breadcrumb\"},\"inLanguage\":\"es\",\"potentialAction\":[{\"@type\":\"ReadAction\",\"target\":[\"https:\/\/www.ledsportx.com\/terms\/\"]}]},{\"@type\":\"BreadcrumbList\",\"@id\":\"https:\/\/www.ledsportx.com\/terms\/#breadcrumb\",\"itemListElement\":[{\"@type\":\"ListItem\",\"position\":1,\"name\":\"home\",\"item\":\"https:\/\/www.ledsportx.com\/\"},{\"@type\":\"ListItem\",\"position\":2,\"name\":\"terms\"}]},{\"@type\":\"WebSite\",\"@id\":\"https:\/\/www.ledsportx.com\/#website\",\"url\":\"https:\/\/www.ledsportx.com\/\",\"name\":\"LEDSportX \u2013 Solar LED Football Field Lighting Solutions\",\"description\":\"Powering the Game with Sustainable &amp; High-Performance Lighting\",\"publisher\":{\"@id\":\"https:\/\/www.ledsportx.com\/#organization\"},\"potentialAction\":[{\"@type\":\"SearchAction\",\"target\":{\"@type\":\"EntryPoint\",\"urlTemplate\":\"https:\/\/www.ledsportx.com\/?s={search_term_string}\"},\"query-input\":\"required name=search_term_string\"}],\"inLanguage\":\"es\"},{\"@type\":\"Organization\",\"@id\":\"https:\/\/www.ledsportx.com\/#organization\",\"name\":\"LEDSportX \u2013 Solar LED Football Field Lighting Solutions\",\"url\":\"https:\/\/www.ledsportx.com\/\",\"logo\":{\"@type\":\"ImageObject\",\"inLanguage\":\"es\",\"@id\":\"https:\/\/www.ledsportx.com\/#\/schema\/logo\/image\/\",\"url\":\"https:\/\/www.ledsportx.com\/wp-content\/uploads\/2025\/09\/LEDSPORTX.svg\",\"contentUrl\":\"https:\/\/www.ledsportx.com\/wp-content\/uploads\/2025\/09\/LEDSPORTX.svg\",\"width\":1300,\"height\":162,\"caption\":\"LEDSportX \u2013 Solar LED Football Field Lighting Solutions\"},\"image\":{\"@id\":\"https:\/\/www.ledsportx.com\/#\/schema\/logo\/image\/\"}}]}<\/script>\n<!-- \/ Yoast SEO Premium plugin. -->","yoast_head_json":{"title":"T\u00e9rminos y condiciones | LEDSportX Solar Sports Lighting","description":"Lea los t\u00e9rminos y condiciones para utilizar el sitio web y los servicios de LEDSportX. Conozca nuestras especificaciones de productos, pol\u00edticas de precios y derechos de propiedad intelectual.","robots":{"index":"index","follow":"follow","max-snippet":"max-snippet:-1","max-image-preview":"max-image-preview:large","max-video-preview":"max-video-preview:-1"},"canonical":"https:\/\/www.ledsportx.com\/es\/terms\/","og_locale":"es_ES","og_type":"article","og_title":"terms","og_description":"Read the terms and conditions for using LEDSportX's website and services. Learn about our product specifications, pricing policies, and intellectual property rights.","og_url":"https:\/\/www.ledsportx.com\/es\/terms\/","og_site_name":"LEDSportX \u2013 Solar LED Football Field Lighting Solutions","article_modified_time":"2026-01-03T23:14:40+00:00","og_image":[{"width":2528,"height":1696,"url":"https:\/\/www.ledsportx.com\/wp-content\/uploads\/2025\/12\/LedSportX-lighting-poles-details.webp","type":"image\/webp"}],"schema":{"@context":"https:\/\/schema.org","@graph":[{"@type":"WebPage","@id":"https:\/\/www.ledsportx.com\/terms\/","url":"https:\/\/www.ledsportx.com\/terms\/","name":"T\u00e9rminos y condiciones | LEDSportX Solar Sports Lighting","isPartOf":{"@id":"https:\/\/www.ledsportx.com\/#website"},"datePublished":"2025-12-22T20:18:15+00:00","dateModified":"2026-01-03T23:14:40+00:00","description":"Lea los t\u00e9rminos y condiciones para utilizar el sitio web y los servicios de LEDSportX. Conozca nuestras especificaciones de productos, pol\u00edticas de precios y derechos de propiedad intelectual.","breadcrumb":{"@id":"https:\/\/www.ledsportx.com\/terms\/#breadcrumb"},"inLanguage":"es","potentialAction":[{"@type":"ReadAction","target":["https:\/\/www.ledsportx.com\/terms\/"]}]},{"@type":"BreadcrumbList","@id":"https:\/\/www.ledsportx.com\/terms\/#breadcrumb","itemListElement":[{"@type":"ListItem","position":1,"name":"home","item":"https:\/\/www.ledsportx.com\/"},{"@type":"ListItem","position":2,"name":"terms"}]},{"@type":"WebSite","@id":"https:\/\/www.ledsportx.com\/#website","url":"https:\/\/www.ledsportx.com\/","name":"LEDSportX \u2013 Soluciones de Iluminaci\u00f3n LED Solar para Campos de F\u00fatbol","description":"Alimentar el juego con iluminaci\u00f3n sostenible y de alto rendimiento","publisher":{"@id":"https:\/\/www.ledsportx.com\/#organization"},"potentialAction":[{"@type":"SearchAction","target":{"@type":"EntryPoint","urlTemplate":"https:\/\/www.ledsportx.com\/?s={search_term_string}"},"query-input":"required name=search_term_string"}],"inLanguage":"es"},{"@type":"Organization","@id":"https:\/\/www.ledsportx.com\/#organization","name":"LEDSportX \u2013 Soluciones de Iluminaci\u00f3n LED Solar para Campos de F\u00fatbol","url":"https:\/\/www.ledsportx.com\/","logo":{"@type":"ImageObject","inLanguage":"es","@id":"https:\/\/www.ledsportx.com\/#\/schema\/logo\/image\/","url":"https:\/\/www.ledsportx.com\/wp-content\/uploads\/2025\/09\/LEDSPORTX.svg","contentUrl":"https:\/\/www.ledsportx.com\/wp-content\/uploads\/2025\/09\/LEDSPORTX.svg","width":1300,"height":162,"caption":"LEDSportX \u2013 Solar LED Football Field Lighting Solutions"},"image":{"@id":"https:\/\/www.ledsportx.com\/#\/schema\/logo\/image\/"}}]}},"_links":{"self":[{"href":"https:\/\/www.ledsportx.com\/es\/wp-json\/wp\/v2\/pages\/6084","targetHints":{"allow":["GET"]}}],"collection":[{"href":"https:\/\/www.ledsportx.com\/es\/wp-json\/wp\/v2\/pages"}],"about":[{"href":"https:\/\/www.ledsportx.com\/es\/wp-json\/wp\/v2\/types\/page"}],"author":[{"embeddable":true,"href":"https:\/\/www.ledsportx.com\/es\/wp-json\/wp\/v2\/users\/1"}],"replies":[{"embeddable":true,"href":"https:\/\/www.ledsportx.com\/es\/wp-json\/wp\/v2\/comments?post=6084"}],"version-history":[{"count":6,"href":"https:\/\/www.ledsportx.com\/es\/wp-json\/wp\/v2\/pages\/6084\/revisions"}],"predecessor-version":[{"id":6732,"href":"https:\/\/www.ledsportx.com\/es\/wp-json\/wp\/v2\/pages\/6084\/revisions\/6732"}],"wp:attachment":[{"href":"https:\/\/www.ledsportx.com\/es\/wp-json\/wp\/v2\/media?parent=6084"}],"curies":[{"name":"WP","href":"https:\/\/api.w.org\/{rel}","templated":true}]}}