{"id":3,"date":"2025-08-28T16:17:25","date_gmt":"2025-08-28T16:17:25","guid":{"rendered":"http:\/\/ledsportx.com\/?page_id=3"},"modified":"2026-01-03T22:52:50","modified_gmt":"2026-01-03T22:52:50","slug":"privacy-policy","status":"publish","type":"page","link":"https:\/\/www.ledsportx.com\/fr\/privacy-policy\/","title":{"rendered":"Politique de confidentialit\u00e9"},"content":{"rendered":"<div data-elementor-type=\"wp-page\" data-elementor-id=\"3\" class=\"elementor elementor-3\" data-elementor-post-type=\"page\">\n\t\t\t\t<div class=\"elementor-element elementor-element-b1007bb e-con-full e-flex e-con e-parent\" data-id=\"b1007bb\" data-element_type=\"container\">\n\t\t<div class=\"elementor-element elementor-element-0c8a49c e-con-full e-flex e-con e-child\" data-id=\"0c8a49c\" data-element_type=\"container\" data-settings=\"{&quot;background_background&quot;:&quot;slideshow&quot;,&quot;background_slideshow_gallery&quot;:[{&quot;id&quot;:2678,&quot;url&quot;:&quot;https:\\\/\\\/www.ledsportx.com\\\/wp-content\\\/uploads\\\/2025\\\/09\\\/Professional_Football_Field_Lighting_01.webp&quot;},{&quot;id&quot;:2679,&quot;url&quot;:&quot;https:\\\/\\\/www.ledsportx.com\\\/wp-content\\\/uploads\\\/2025\\\/09\\\/Professional_Football_Field_Lighting_03.webp&quot;}],&quot;background_slideshow_ken_burns&quot;:&quot;yes&quot;,&quot;background_slideshow_loop&quot;:&quot;yes&quot;,&quot;background_slideshow_slide_duration&quot;:5000,&quot;background_slideshow_slide_transition&quot;:&quot;fade&quot;,&quot;background_slideshow_transition_duration&quot;:500,&quot;background_slideshow_ken_burns_zoom_direction&quot;:&quot;in&quot;}\">\n\t\t<div class=\"elementor-element elementor-element-c77590f e-flex e-con-boxed e-con e-child\" data-id=\"c77590f\" data-element_type=\"container\">\n\t\t\t\t\t<div class=\"e-con-inner\">\n\t\t\t\t<div class=\"elementor-element elementor-element-333151f elementor-invisible elementor-widget elementor-widget-heading\" data-id=\"333151f\" data-element_type=\"widget\" data-settings=\"{&quot;_animation&quot;:&quot;slideInDown&quot;}\" data-widget_type=\"heading.default\">\n\t\t\t\t\t<h1 class=\"elementor-heading-title elementor-size-default\">Politique de confidentialit\u00e9<\/h1>\t\t\t\t<\/div>\n\t\t\t\t<div class=\"elementor-element elementor-element-84314ae elementor-invisible elementor-widget elementor-widget-text-editor\" data-id=\"84314ae\" data-element_type=\"widget\" data-settings=\"{&quot;_animation&quot;:&quot;slideInUp&quot;}\" data-widget_type=\"text-editor.default\">\n\t\t\t\t\t\t\t\t\t<p>Accueil &gt; politique de confidentialit\u00e9<\/p>\t\t\t\t\t\t\t\t<\/div>\n\t\t\t\t\t<\/div>\n\t\t\t\t<\/div>\n\t\t\t\t<\/div>\n\t\t\t\t<\/div>\n\t\t<div class=\"elementor-element elementor-element-62c8b83 e-flex e-con-boxed e-con e-parent\" data-id=\"62c8b83\" data-element_type=\"container\">\n\t\t\t\t\t<div class=\"e-con-inner\">\n\t\t\t\t<div class=\"elementor-element elementor-element-8b28b00 elementor-widget elementor-widget-text-editor\" data-id=\"8b28b00\" data-element_type=\"widget\" data-widget_type=\"text-editor.default\">\n\t\t\t\t\t\t\t\t\t<div class=\"legal-document-container\" style=\"line-height: 1.8; color: #333; max-width: 900px; margin: 0 auto; padding: 20px;\"><p style=\"color: #666; font-size: 0.9rem;\"><strong>Derni\u00e8re mise \u00e0 jour: 22 d\u00e9cembre 2025<\/strong><\/p><p style=\"background: #f9f9f9; padding: 20px; border-left: 4px solid #FFD700; margin: 30px 0;\"><strong>LEDSportX<\/strong> Exploite le <a href=\"https:\/\/www.ledsportx.com\/fr\/\"><strong>www.LEDSportX.com<\/strong><\/a> Site web, qui fournit nos services d\u2019\u00e9clairage et le centre d\u2019information. Cette page informe les visiteurs du site web de nos politiques concernant la collecte, l\u2019utilisation et la divulgation de renseignements personnels si quelqu\u2019un d\u00e9cidait d\u2019utiliser notre Service.<\/p><h2 style=\"font-size: 1.5rem; color: #1a1a1a; margin-top: 40px;\">Collecte et utilisation des informations<\/h2><div style=\"padding-left: 15px;\"><p>Que vous t\u00e9l\u00e9chargiez notre <strong>Catalogue d\u2019\u00e9clairage<\/strong>, en remplissant un <strong>Formulaire de plomb<\/strong>, ou r\u00e9server un <strong>Dialux design rendez-vous<\/strong>, nous pouvons vous demander les informations suivantes:<\/p><ul style=\"list-style-type: square; padding-left: 20px; color: #444;\"><li>Votre nom et pr\u00e9nom<\/li><li>Votre num\u00e9ro de t\u00e9l\u00e9phone<\/li><li>Votre adresse Email<\/li><li>D\u00e9tails du projet (taille du terrain, emplacement, etc.)<\/li><\/ul><\/div><h2 style=\"font-size: 1.5rem; color: #1a1a1a; margin-top: 40px;\">Donn\u00e9es de connexion et Cookies<\/h2><div style=\"padding-left: 15px;\"><p>Nous collectons <strong>\u201cDonn\u00e9es de Log\u201d<\/strong> Qui comprend votre adresse IP, la version du navigateur et les pages visit\u00e9es. Notre site web utilise <strong>\u201cCookies\u201d<\/strong> Pour recueillir des informations et am\u00e9liorer notre service. Vous avez la possibilit\u00e9 d\u2019accepter ou de refuser ces cookies dans les param\u00e8tres de votre navigateur. Veuillez noter que le refus des cookies peut limiter votre acc\u00e8s \u00e0 certaines parties de notre Service.<\/p><\/div><h2 style=\"font-size: 1.5rem; color: #1a1a1a; margin-top: 40px;\">Prestataires de services<\/h2><div style=\"padding-left: 15px;\"><p>Nous pouvons employer des soci\u00e9t\u00e9s tierces (telles que des partenaires d\u2019exp\u00e9dition ou des consultants techniques) pour les raisons suivantes:<\/p><ul style=\"list-style-type: disc; padding-left: 20px;\"><li>Pour faciliter notre Service;<\/li><li>Fournir le Service en notre nom;<\/li><li>Pour effectuer des services li\u00e9s au service.<\/li><\/ul><p>Nous ne divulguerons vos informations qu\u2019\u00e0 notre <strong>R\u00e9seau agr\u00e9\u00e9 de partenaires professionnels<\/strong> \u00c0 des fins op\u00e9rationnelles, et nous allons <u>jamais<\/u> Vendre vos donn\u00e9es \u00e0 des fins de marketing.<\/p><\/div><h2 style=\"font-size: 1.5rem; color: #1a1a1a; margin-top: 40px;\">La s\u00e9curit\u00e9<\/h2><div style=\"padding-left: 15px;\"><p>Toutes les informations qui nous sont fournies sont stock\u00e9es sur des serveurs s\u00e9curis\u00e9s. Bien que nous nous efforcions d\u2019utiliser des moyens commercialement acceptables pour prot\u00e9ger vos renseignements personnels, veuillez vous rappeler qu\u2019aucune m\u00e9thode de transmission sur internet ou de stockage \u00e9lectronique n\u2019est s\u00e9curis\u00e9e 100%, et nous ne pouvons garantir sa s\u00e9curit\u00e9 absolue.<\/p><\/div><h2 style=\"font-size: 1.5rem; color: #1a1a1a; margin-top: 40px;\">Contactez nous<\/h2><div style=\"padding-left: 15px; background: #fffdf0; padding: 20px; border: 1px dashed #FFD700; border-radius: 8px;\"><p>Si vous avez des demandes concernant vos informations personnelles, veuillez nous contacter directement:<\/p><p style=\"margin-bottom: 5px;\"><strong>Courriel:<\/strong> <a style=\"color: #1a1a1a;\" href=\"mailto:jason@LEDSportX.com\">jason@ledsportx.com<\/a><\/p><p><strong>Num\u00e9ro de t\u00e9l\u00e9phone:<\/strong> +86 13622701011<\/p><\/div><hr style=\"margin-top: 50px; border: 0; border-top: 1px solid #eee;\" \/><p style=\"text-align: center; color: #999; font-size: 0.8rem;\">\u00a9 2020 LEDSportX. Tous droits r\u00e9serv\u00e9s.<\/p><\/div>\t\t\t\t\t\t\t\t<\/div>\n\t\t\t\t\t<\/div>\n\t\t\t\t<\/div>\n\t\t\t\t<\/div>","protected":false},"excerpt":{"rendered":"<p>Politique de confidentialit\u00e9 accueil &gt; politique de confidentialit\u00e9 derni\u00e8re mise \u00e0 jour: 22 d\u00e9cembre 2025 LEDSportX exploite le site web www.LEDSportX.com, qui fournit notre \u00e9clairage [\u2026]<\/p>","protected":false},"author":1,"featured_media":0,"parent":0,"menu_order":0,"comment_status":"closed","ping_status":"open","template":"elementor_header_footer","meta":{"site-sidebar-layout":"default","site-content-layout":"","ast-site-content-layout":"full-width-container","site-content-style":"default","site-sidebar-style":"default","ast-global-header-display":"","ast-banner-title-visibility":"","ast-main-header-display":"","ast-hfb-above-header-display":"","ast-hfb-below-header-display":"","ast-hfb-mobile-header-display":"","site-post-title":"","ast-breadcrumbs-content":"","ast-featured-img":"","footer-sml-layout":"","theme-transparent-header-meta":"","adv-header-id-meta":"","stick-header-meta":"","header-above-stick-meta":"","header-main-stick-meta":"","header-below-stick-meta":"","astra-migrate-meta-layouts":"default","ast-page-background-enabled":"default","ast-page-background-meta":{"desktop":{"background-color":"var(--ast-global-color-4)","background-image":"","background-repeat":"repeat","background-position":"center center","background-size":"auto","background-attachment":"scroll","background-type":"","background-media":"","overlay-type":"","overlay-color":"","overlay-opacity":"","overlay-gradient":""},"tablet":{"background-color":"","background-image":"","background-repeat":"repeat","background-position":"center center","background-size":"auto","background-attachment":"scroll","background-type":"","background-media":"","overlay-type":"","overlay-color":"","overlay-opacity":"","overlay-gradient":""},"mobile":{"background-color":"","background-image":"","background-repeat":"repeat","background-position":"center center","background-size":"auto","background-attachment":"scroll","background-type":"","background-media":"","overlay-type":"","overlay-color":"","overlay-opacity":"","overlay-gradient":""}},"ast-content-background-meta":{"desktop":{"background-color":"var(--ast-global-color-5)","background-image":"","background-repeat":"repeat","background-position":"center center","background-size":"auto","background-attachment":"scroll","background-type":"","background-media":"","overlay-type":"","overlay-color":"","overlay-opacity":"","overlay-gradient":""},"tablet":{"background-color":"var(--ast-global-color-5)","background-image":"","background-repeat":"repeat","background-position":"center center","background-size":"auto","background-attachment":"scroll","background-type":"","background-media":"","overlay-type":"","overlay-color":"","overlay-opacity":"","overlay-gradient":""},"mobile":{"background-color":"var(--ast-global-color-5)","background-image":"","background-repeat":"repeat","background-position":"center center","background-size":"auto","background-attachment":"scroll","background-type":"","background-media":"","overlay-type":"","overlay-color":"","overlay-opacity":"","overlay-gradient":""}},"footnotes":""},"class_list":["post-3","page","type-page","status-publish","hentry"],"yoast_head":"<!-- This site is optimized with the Yoast SEO Premium plugin v23.0 (Yoast SEO v23.0) - https:\/\/yoast.com\/wordpress\/plugins\/seo\/ -->\n<title>Privacy Policy | LEDSportX Solar Sports Lighting<\/title>\n<meta name=\"description\" content=\"Read the LEDSportX Privacy Policy. Learn how we handle your information when you request catalogs, lighting designs, or project quotes.\" \/>\n<meta name=\"robots\" content=\"index, follow, max-snippet:-1, max-image-preview:large, max-video-preview:-1\" \/>\n<link rel=\"canonical\" href=\"https:\/\/www.ledsportx.com\/fr\/privacy-policy\/\" \/>\n<meta property=\"og:locale\" content=\"fr_FR\" \/>\n<meta property=\"og:type\" content=\"article\" \/>\n<meta property=\"og:title\" content=\"Privacy Policy | LEDSportX Solar Sports Lighting\" \/>\n<meta property=\"og:description\" content=\"Read the LEDSportX Privacy Policy. Learn how we handle your information when you request catalogs, lighting designs, or project quotes.\" \/>\n<meta property=\"og:url\" content=\"https:\/\/www.ledsportx.com\/fr\/privacy-policy\/\" \/>\n<meta property=\"og:site_name\" content=\"LEDSportX \u2013 Solar LED Football Field Lighting Solutions\" \/>\n<meta property=\"article:modified_time\" content=\"2026-01-03T22:52:50+00:00\" \/>\n<meta property=\"og:image\" content=\"https:\/\/www.ledsportx.com\/wp-content\/uploads\/2025\/12\/LedSportX-lighting-poles-details.webp\" \/>\n\t<meta property=\"og:image:width\" content=\"2528\" \/>\n\t<meta property=\"og:image:height\" content=\"1696\" \/>\n\t<meta property=\"og:image:type\" content=\"image\/webp\" \/>\n<script type=\"application\/ld+json\" class=\"yoast-schema-graph\">{\"@context\":\"https:\/\/schema.org\",\"@graph\":[{\"@type\":\"WebPage\",\"@id\":\"https:\/\/www.ledsportx.com\/privacy-policy\/\",\"url\":\"https:\/\/www.ledsportx.com\/privacy-policy\/\",\"name\":\"Privacy Policy | LEDSportX Solar Sports Lighting\",\"isPartOf\":{\"@id\":\"https:\/\/www.ledsportx.com\/#website\"},\"datePublished\":\"2025-08-28T16:17:25+00:00\",\"dateModified\":\"2026-01-03T22:52:50+00:00\",\"description\":\"Read the LEDSportX Privacy Policy. Learn how we handle your information when you request catalogs, lighting designs, or project quotes.\",\"breadcrumb\":{\"@id\":\"https:\/\/www.ledsportx.com\/privacy-policy\/#breadcrumb\"},\"inLanguage\":\"fr-FR\",\"potentialAction\":[{\"@type\":\"ReadAction\",\"target\":[\"https:\/\/www.ledsportx.com\/privacy-policy\/\"]}]},{\"@type\":\"BreadcrumbList\",\"@id\":\"https:\/\/www.ledsportx.com\/privacy-policy\/#breadcrumb\",\"itemListElement\":[{\"@type\":\"ListItem\",\"position\":1,\"name\":\"home\",\"item\":\"https:\/\/www.ledsportx.com\/\"},{\"@type\":\"ListItem\",\"position\":2,\"name\":\"Privacy Policy\"}]},{\"@type\":\"WebSite\",\"@id\":\"https:\/\/www.ledsportx.com\/#website\",\"url\":\"https:\/\/www.ledsportx.com\/\",\"name\":\"LEDSportX \u2013 Solar LED Football Field Lighting Solutions\",\"description\":\"Powering the Game with Sustainable &amp; High-Performance Lighting\",\"publisher\":{\"@id\":\"https:\/\/www.ledsportx.com\/#organization\"},\"potentialAction\":[{\"@type\":\"SearchAction\",\"target\":{\"@type\":\"EntryPoint\",\"urlTemplate\":\"https:\/\/www.ledsportx.com\/?s={search_term_string}\"},\"query-input\":\"required name=search_term_string\"}],\"inLanguage\":\"fr-FR\"},{\"@type\":\"Organization\",\"@id\":\"https:\/\/www.ledsportx.com\/#organization\",\"name\":\"LEDSportX \u2013 Solar LED Football Field Lighting Solutions\",\"url\":\"https:\/\/www.ledsportx.com\/\",\"logo\":{\"@type\":\"ImageObject\",\"inLanguage\":\"fr-FR\",\"@id\":\"https:\/\/www.ledsportx.com\/#\/schema\/logo\/image\/\",\"url\":\"https:\/\/www.ledsportx.com\/wp-content\/uploads\/2025\/09\/LEDSPORTX.svg\",\"contentUrl\":\"https:\/\/www.ledsportx.com\/wp-content\/uploads\/2025\/09\/LEDSPORTX.svg\",\"width\":1300,\"height\":162,\"caption\":\"LEDSportX \u2013 Solar LED Football Field Lighting Solutions\"},\"image\":{\"@id\":\"https:\/\/www.ledsportx.com\/#\/schema\/logo\/image\/\"}}]}<\/script>\n<!-- \/ Yoast SEO Premium plugin. -->","yoast_head_json":{"title":"Politique de protection de la vie priv\u00e9e -sp LEDSportX Solar Sports Lighting","description":"Lisez la politique de confidentialit\u00e9 de LEDSportX. D\u00e9couvrez comment nous g\u00e9rons vos informations lorsque vous demandez des catalogues, des conceptions d\u2019\u00e9clairage ou des devis de projet.","robots":{"index":"index","follow":"follow","max-snippet":"max-snippet:-1","max-image-preview":"max-image-preview:large","max-video-preview":"max-video-preview:-1"},"canonical":"https:\/\/www.ledsportx.com\/fr\/privacy-policy\/","og_locale":"fr_FR","og_type":"article","og_title":"Privacy Policy | LEDSportX Solar Sports Lighting","og_description":"Read the LEDSportX Privacy Policy. Learn how we handle your information when you request catalogs, lighting designs, or project quotes.","og_url":"https:\/\/www.ledsportx.com\/fr\/privacy-policy\/","og_site_name":"LEDSportX \u2013 Solar LED Football Field Lighting Solutions","article_modified_time":"2026-01-03T22:52:50+00:00","og_image":[{"width":2528,"height":1696,"url":"https:\/\/www.ledsportx.com\/wp-content\/uploads\/2025\/12\/LedSportX-lighting-poles-details.webp","type":"image\/webp"}],"schema":{"@context":"https:\/\/schema.org","@graph":[{"@type":"WebPage","@id":"https:\/\/www.ledsportx.com\/privacy-policy\/","url":"https:\/\/www.ledsportx.com\/privacy-policy\/","name":"Politique de protection de la vie priv\u00e9e -sp LEDSportX Solar Sports Lighting","isPartOf":{"@id":"https:\/\/www.ledsportx.com\/#website"},"datePublished":"2025-08-28T16:17:25+00:00","dateModified":"2026-01-03T22:52:50+00:00","description":"Lisez la politique de confidentialit\u00e9 de LEDSportX. D\u00e9couvrez comment nous g\u00e9rons vos informations lorsque vous demandez des catalogues, des conceptions d\u2019\u00e9clairage ou des devis de projet.","breadcrumb":{"@id":"https:\/\/www.ledsportx.com\/privacy-policy\/#breadcrumb"},"inLanguage":"fr-FR","potentialAction":[{"@type":"ReadAction","target":["https:\/\/www.ledsportx.com\/privacy-policy\/"]}]},{"@type":"BreadcrumbList","@id":"https:\/\/www.ledsportx.com\/privacy-policy\/#breadcrumb","itemListElement":[{"@type":"ListItem","position":1,"name":"home","item":"https:\/\/www.ledsportx.com\/"},{"@type":"ListItem","position":2,"name":"Privacy Policy"}]},{"@type":"WebSite","@id":"https:\/\/www.ledsportx.com\/#website","url":"https:\/\/www.ledsportx.com\/","name":"LEDSportX \u2013 Solutions d'\u00c9clairage LED Solaire pour Terrains de Football","description":"Dynamiser le jeu avec un \u00e9clairage durable et performant","publisher":{"@id":"https:\/\/www.ledsportx.com\/#organization"},"potentialAction":[{"@type":"SearchAction","target":{"@type":"EntryPoint","urlTemplate":"https:\/\/www.ledsportx.com\/?s={search_term_string}"},"query-input":"required name=search_term_string"}],"inLanguage":"fr-FR"},{"@type":"Organization","@id":"https:\/\/www.ledsportx.com\/#organization","name":"LEDSportX \u2013 Solutions d'\u00c9clairage LED Solaire pour Terrains de Football","url":"https:\/\/www.ledsportx.com\/","logo":{"@type":"ImageObject","inLanguage":"fr-FR","@id":"https:\/\/www.ledsportx.com\/#\/schema\/logo\/image\/","url":"https:\/\/www.ledsportx.com\/wp-content\/uploads\/2025\/09\/LEDSPORTX.svg","contentUrl":"https:\/\/www.ledsportx.com\/wp-content\/uploads\/2025\/09\/LEDSPORTX.svg","width":1300,"height":162,"caption":"LEDSportX \u2013 Solar LED Football Field Lighting Solutions"},"image":{"@id":"https:\/\/www.ledsportx.com\/#\/schema\/logo\/image\/"}}]}},"_links":{"self":[{"href":"https:\/\/www.ledsportx.com\/fr\/wp-json\/wp\/v2\/pages\/3","targetHints":{"allow":["GET"]}}],"collection":[{"href":"https:\/\/www.ledsportx.com\/fr\/wp-json\/wp\/v2\/pages"}],"about":[{"href":"https:\/\/www.ledsportx.com\/fr\/wp-json\/wp\/v2\/types\/page"}],"author":[{"embeddable":true,"href":"https:\/\/www.ledsportx.com\/fr\/wp-json\/wp\/v2\/users\/1"}],"replies":[{"embeddable":true,"href":"https:\/\/www.ledsportx.com\/fr\/wp-json\/wp\/v2\/comments?post=3"}],"version-history":[{"count":3,"href":"https:\/\/www.ledsportx.com\/fr\/wp-json\/wp\/v2\/pages\/3\/revisions"}],"predecessor-version":[{"id":6713,"href":"https:\/\/www.ledsportx.com\/fr\/wp-json\/wp\/v2\/pages\/3\/revisions\/6713"}],"wp:attachment":[{"href":"https:\/\/www.ledsportx.com\/fr\/wp-json\/wp\/v2\/media?parent=3"}],"curies":[{"name":"Wp wp","href":"https:\/\/api.w.org\/{rel}","templated":true}]}}