{"id":6084,"date":"2025-12-22T20:18:15","date_gmt":"2025-12-22T20:18:15","guid":{"rendered":"https:\/\/www.ledsportx.com\/?page_id=6084"},"modified":"2026-01-03T23:14:40","modified_gmt":"2026-01-03T23:14:40","slug":"terms","status":"publish","type":"page","link":"https:\/\/www.ledsportx.com\/fr\/terms\/","title":{"rendered":"Termes et conditions"},"content":{"rendered":"<div data-elementor-type=\"wp-page\" data-elementor-id=\"6084\" class=\"elementor elementor-6084\" data-elementor-post-type=\"page\">\n\t\t\t\t<div class=\"elementor-element elementor-element-847394e e-con-full e-flex e-con e-parent\" data-id=\"847394e\" data-element_type=\"container\">\n\t\t<div class=\"elementor-element elementor-element-9912ba2 e-con-full e-flex e-con e-child\" data-id=\"9912ba2\" data-element_type=\"container\" data-settings=\"{&quot;background_background&quot;:&quot;slideshow&quot;,&quot;background_slideshow_gallery&quot;:[{&quot;id&quot;:2678,&quot;url&quot;:&quot;https:\\\/\\\/www.ledsportx.com\\\/wp-content\\\/uploads\\\/2025\\\/09\\\/Professional_Football_Field_Lighting_01.webp&quot;},{&quot;id&quot;:2679,&quot;url&quot;:&quot;https:\\\/\\\/www.ledsportx.com\\\/wp-content\\\/uploads\\\/2025\\\/09\\\/Professional_Football_Field_Lighting_03.webp&quot;}],&quot;background_slideshow_ken_burns&quot;:&quot;yes&quot;,&quot;background_slideshow_loop&quot;:&quot;yes&quot;,&quot;background_slideshow_slide_duration&quot;:5000,&quot;background_slideshow_slide_transition&quot;:&quot;fade&quot;,&quot;background_slideshow_transition_duration&quot;:500,&quot;background_slideshow_ken_burns_zoom_direction&quot;:&quot;in&quot;}\">\n\t\t<div class=\"elementor-element elementor-element-2e10fa6 e-flex e-con-boxed e-con e-child\" data-id=\"2e10fa6\" data-element_type=\"container\">\n\t\t\t\t\t<div class=\"e-con-inner\">\n\t\t\t\t<div class=\"elementor-element elementor-element-62bb2ba elementor-invisible elementor-widget elementor-widget-heading\" data-id=\"62bb2ba\" data-element_type=\"widget\" data-settings=\"{&quot;_animation&quot;:&quot;slideInDown&quot;}\" data-widget_type=\"heading.default\">\n\t\t\t\t\t<h1 class=\"elementor-heading-title elementor-size-default\">Termes et Conditions<\/h1>\t\t\t\t<\/div>\n\t\t\t\t<div class=\"elementor-element elementor-element-0521589 elementor-invisible elementor-widget elementor-widget-text-editor\" data-id=\"0521589\" data-element_type=\"widget\" data-settings=\"{&quot;_animation&quot;:&quot;slideInUp&quot;}\" data-widget_type=\"text-editor.default\">\n\t\t\t\t\t\t\t\t\t<p>Accueil &gt; termes et Conditions<\/p>\t\t\t\t\t\t\t\t<\/div>\n\t\t\t\t\t<\/div>\n\t\t\t\t<\/div>\n\t\t\t\t<\/div>\n\t\t\t\t<\/div>\n\t\t<div class=\"elementor-element elementor-element-73d5342 e-flex e-con-boxed e-con e-parent\" data-id=\"73d5342\" data-element_type=\"container\">\n\t\t\t\t\t<div class=\"e-con-inner\">\n\t\t\t\t<div class=\"elementor-element elementor-element-bdfa894 elementor-widget elementor-widget-text-editor\" data-id=\"bdfa894\" data-element_type=\"widget\" data-widget_type=\"text-editor.default\">\n\t\t\t\t\t\t\t\t\t<div class=\"legal-document-container\" style=\"line-height: 1.8; color: #333; max-width: 900px; margin: 0 auto; padding: 20px;\"><p style=\"color: #666; font-size: 0.9rem;\"><strong>Derni\u00e8re mise \u00e0 jour: 22 d\u00e9cembre 2025<\/strong><\/p><p style=\"background: #f9f9f9; padding: 20px; border-left: 4px solid #FFD700; margin: 30px 0;\">Bienvenue sur notre site! Le pr\u00e9sent document est un accord juridiquement contraignant entre vous en tant qu\u2019utilisateur (S) du site (ci-apr\u00e8s d\u00e9nomm\u00e9 \u201cvous\u201d, \u201cvotre\u201d ou \u201cutilisateur\u201d) et <a href=\"https:\/\/www.ledsportx.com\/fr\/\" target=\"_blank\" rel=\"noopener\"><strong>www.ledsportx.com<\/strong><\/a> - propri\u00e9taire du site www.ledsportx.com.<\/p><h2 style=\"font-size: 1.5rem; color: #1a1a1a; margin-top: 40px;\">1. Application et acceptation des conditions<\/h2><div style=\"padding-left: 15px;\"><p><strong>1.1<\/strong> Votre utilisation des services et produits de www.ledsportx.com est soumise aux termes et conditions contenus dans ce document ainsi qu\u2019\u00e0 la politique de confidentialit\u00e9. En acc\u00e9dant au site, vous acceptez d\u2019\u00eatre li\u00e9 par ces conditions.<\/p><p><strong>1.2<\/strong> Vous ne pouvez pas utiliser les Services si (a) vous n\u2019avez pas l\u2019\u00e2ge l\u00e9gal pour former un contrat contraignant, ou (b) vous n\u2019\u00eates pas autoris\u00e9 \u00e0 recevoir des Services en vertu des lois de la Chine ou d\u2019autres juridictions applicables.<\/p><p><strong>1.3<\/strong> LEDSportX peut modifier toutes les conditions \u00e0 tout moment en affichant les conditions modifi\u00e9es sur le site. L\u2019utilisation continue des Services constitue l\u2019acceptation des conditions modifi\u00e9es.<\/p><\/div><h2 style=\"font-size: 1.5rem; color: #1a1a1a; margin-top: 40px;\">2. Utilisateurs en g\u00e9n\u00e9ral<\/h2><div style=\"padding-left: 15px;\"><p><strong>2.1<\/strong> Vous acceptez de vous conformer \u00e0 toutes les lois et r\u00e9glementations applicables lorsque vous utilisez www.ledsportx.com.<\/p><p><strong>2.2<\/strong> Vous devez lire et accepter les <strong>Politique de confidentialit\u00e9<\/strong>, qui r\u00e9git la protection et l\u2019utilisation des renseignements personnels en notre possession.<\/p><p><strong>2.3<\/strong> Il est interdit aux utilisateurs de tenter de porter atteinte \u00e0 l\u2019int\u00e9grit\u00e9 des syst\u00e8mes informatiques ou des r\u00e9seaux de LEDSportX ou d\u2019obtenir un acc\u00e8s non autoris\u00e9.<\/p><p><strong>2.4<\/strong> <span style=\"text-decoration: underline;\">Protection de la propri\u00e9t\u00e9 intellectuelle:<\/span> Vous acceptez de ne pas profiter des informations figurant sur le site pour des activit\u00e9s telles que: la fixation de niveaux de prix comp\u00e9titifs, la pr\u00e9paration du contenu du site web, ou la r\u00e9daction de contrats sans la participation de LEDSportX.<\/p><\/div><h2 style=\"font-size: 1.5rem; color: #1a1a1a; margin-top: 40px;\">3. Produits et prix<\/h2><div style=\"padding-left: 15px;\"><p><strong>3.1<\/strong> Au fur et \u00e0 mesure que nous am\u00e9liorons continuellement nos produits, toutes les sp\u00e9cifications techniques ou non techniques (y compris les rapports, les simulations Dialux et les images) peuvent \u00eatre modifi\u00e9es sans notification pr\u00e9alable.<\/p><p><strong>3.2<\/strong> Les prix indiqu\u00e9s sur le site web ou par les repr\u00e9sentants sont sujets \u00e0 changement sans pr\u00e9avis.<\/p><\/div><h2 style=\"font-size: 1.5rem; color: #1a1a1a; margin-top: 40px;\">4. Limitation de responsabilit\u00e9<\/h2><div style=\"padding-left: 15px;\"><p><strong>4.1<\/strong> Tout mat\u00e9riel obtenu \u00e0 travers www.ledsportx.com est fait \u00e0 la seule discr\u00e9tion et aux risques de chaque utilisateur. LEDSportX n\u2019est pas responsable des dommages aux syst\u00e8mes informatiques ou de la perte de donn\u00e9es r\u00e9sultant de tels t\u00e9l\u00e9chargements.<\/p><\/div><hr style=\"margin-top: 50px; border: 0; border-top: 1px solid #eee;\" \/><p style=\"text-align: center; color: #999; font-size: 0.8rem;\">\u00a9 2020 LEDSportX. Tous droits r\u00e9serv\u00e9s.<\/p><\/div>\t\t\t\t\t\t\t\t<\/div>\n\t\t\t\t\t<\/div>\n\t\t\t\t<\/div>\n\t\t\t\t<\/div>","protected":false},"excerpt":{"rendered":"<p>Termes et Conditions accueil &gt; termes et Conditions derni\u00e8re mise \u00e0 jour: 22 d\u00e9cembre 2025 bienvenue sur notre site! Ce document est [...]<\/p>","protected":false},"author":1,"featured_media":0,"parent":0,"menu_order":0,"comment_status":"closed","ping_status":"closed","template":"","meta":{"site-sidebar-layout":"no-sidebar","site-content-layout":"page-builder","ast-site-content-layout":"full-width-container","site-content-style":"default","site-sidebar-style":"default","ast-global-header-display":"","ast-banner-title-visibility":"","ast-main-header-display":"","ast-hfb-above-header-display":"","ast-hfb-below-header-display":"","ast-hfb-mobile-header-display":"","site-post-title":"","ast-breadcrumbs-content":"","ast-featured-img":"disabled","footer-sml-layout":"","theme-transparent-header-meta":"","adv-header-id-meta":"","stick-header-meta":"","header-above-stick-meta":"","header-main-stick-meta":"","header-below-stick-meta":"","astra-migrate-meta-layouts":"set","ast-page-background-enabled":"default","ast-page-background-meta":{"desktop":{"background-color":"var(--ast-global-color-4)","background-image":"","background-repeat":"repeat","background-position":"center center","background-size":"auto","background-attachment":"scroll","background-type":"","background-media":"","overlay-type":"","overlay-color":"","overlay-opacity":"","overlay-gradient":""},"tablet":{"background-color":"","background-image":"","background-repeat":"repeat","background-position":"center center","background-size":"auto","background-attachment":"scroll","background-type":"","background-media":"","overlay-type":"","overlay-color":"","overlay-opacity":"","overlay-gradient":""},"mobile":{"background-color":"","background-image":"","background-repeat":"repeat","background-position":"center center","background-size":"auto","background-attachment":"scroll","background-type":"","background-media":"","overlay-type":"","overlay-color":"","overlay-opacity":"","overlay-gradient":""}},"ast-content-background-meta":{"desktop":{"background-color":"var(--ast-global-color-5)","background-image":"","background-repeat":"repeat","background-position":"center center","background-size":"auto","background-attachment":"scroll","background-type":"","background-media":"","overlay-type":"","overlay-color":"","overlay-opacity":"","overlay-gradient":""},"tablet":{"background-color":"var(--ast-global-color-5)","background-image":"","background-repeat":"repeat","background-position":"center center","background-size":"auto","background-attachment":"scroll","background-type":"","background-media":"","overlay-type":"","overlay-color":"","overlay-opacity":"","overlay-gradient":""},"mobile":{"background-color":"var(--ast-global-color-5)","background-image":"","background-repeat":"repeat","background-position":"center center","background-size":"auto","background-attachment":"scroll","background-type":"","background-media":"","overlay-type":"","overlay-color":"","overlay-opacity":"","overlay-gradient":""}},"footnotes":""},"class_list":["post-6084","page","type-page","status-publish","hentry"],"yoast_head":"<!-- This site is optimized with the Yoast SEO Premium plugin v23.0 (Yoast SEO v23.0) - https:\/\/yoast.com\/wordpress\/plugins\/seo\/ -->\n<title>Terms and Conditions | LEDSportX Solar Sports Lighting<\/title>\n<meta name=\"description\" content=\"Read the terms and conditions for using LEDSportX&#039;s website and services. Learn about our product specifications, pricing policies, and intellectual property rights.\" \/>\n<meta name=\"robots\" content=\"index, follow, max-snippet:-1, max-image-preview:large, max-video-preview:-1\" \/>\n<link rel=\"canonical\" href=\"https:\/\/www.ledsportx.com\/fr\/terms\/\" \/>\n<meta property=\"og:locale\" content=\"fr_FR\" \/>\n<meta property=\"og:type\" content=\"article\" \/>\n<meta property=\"og:title\" content=\"terms\" \/>\n<meta property=\"og:description\" content=\"Read the terms and conditions for using LEDSportX&#039;s website and services. Learn about our product specifications, pricing policies, and intellectual property rights.\" \/>\n<meta property=\"og:url\" content=\"https:\/\/www.ledsportx.com\/fr\/terms\/\" \/>\n<meta property=\"og:site_name\" content=\"LEDSportX \u2013 Solar LED Football Field Lighting Solutions\" \/>\n<meta property=\"article:modified_time\" content=\"2026-01-03T23:14:40+00:00\" \/>\n<meta property=\"og:image\" content=\"https:\/\/www.ledsportx.com\/wp-content\/uploads\/2025\/12\/LedSportX-lighting-poles-details.webp\" \/>\n\t<meta property=\"og:image:width\" content=\"2528\" \/>\n\t<meta property=\"og:image:height\" content=\"1696\" \/>\n\t<meta property=\"og:image:type\" content=\"image\/webp\" \/>\n<script type=\"application\/ld+json\" class=\"yoast-schema-graph\">{\"@context\":\"https:\/\/schema.org\",\"@graph\":[{\"@type\":\"WebPage\",\"@id\":\"https:\/\/www.ledsportx.com\/terms\/\",\"url\":\"https:\/\/www.ledsportx.com\/terms\/\",\"name\":\"Terms and Conditions | LEDSportX Solar Sports Lighting\",\"isPartOf\":{\"@id\":\"https:\/\/www.ledsportx.com\/#website\"},\"datePublished\":\"2025-12-22T20:18:15+00:00\",\"dateModified\":\"2026-01-03T23:14:40+00:00\",\"description\":\"Read the terms and conditions for using LEDSportX's website and services. Learn about our product specifications, pricing policies, and intellectual property rights.\",\"breadcrumb\":{\"@id\":\"https:\/\/www.ledsportx.com\/terms\/#breadcrumb\"},\"inLanguage\":\"fr-FR\",\"potentialAction\":[{\"@type\":\"ReadAction\",\"target\":[\"https:\/\/www.ledsportx.com\/terms\/\"]}]},{\"@type\":\"BreadcrumbList\",\"@id\":\"https:\/\/www.ledsportx.com\/terms\/#breadcrumb\",\"itemListElement\":[{\"@type\":\"ListItem\",\"position\":1,\"name\":\"home\",\"item\":\"https:\/\/www.ledsportx.com\/\"},{\"@type\":\"ListItem\",\"position\":2,\"name\":\"terms\"}]},{\"@type\":\"WebSite\",\"@id\":\"https:\/\/www.ledsportx.com\/#website\",\"url\":\"https:\/\/www.ledsportx.com\/\",\"name\":\"LEDSportX \u2013 Solar LED Football Field Lighting Solutions\",\"description\":\"Powering the Game with Sustainable &amp; High-Performance Lighting\",\"publisher\":{\"@id\":\"https:\/\/www.ledsportx.com\/#organization\"},\"potentialAction\":[{\"@type\":\"SearchAction\",\"target\":{\"@type\":\"EntryPoint\",\"urlTemplate\":\"https:\/\/www.ledsportx.com\/?s={search_term_string}\"},\"query-input\":\"required name=search_term_string\"}],\"inLanguage\":\"fr-FR\"},{\"@type\":\"Organization\",\"@id\":\"https:\/\/www.ledsportx.com\/#organization\",\"name\":\"LEDSportX \u2013 Solar LED Football Field Lighting Solutions\",\"url\":\"https:\/\/www.ledsportx.com\/\",\"logo\":{\"@type\":\"ImageObject\",\"inLanguage\":\"fr-FR\",\"@id\":\"https:\/\/www.ledsportx.com\/#\/schema\/logo\/image\/\",\"url\":\"https:\/\/www.ledsportx.com\/wp-content\/uploads\/2025\/09\/LEDSPORTX.svg\",\"contentUrl\":\"https:\/\/www.ledsportx.com\/wp-content\/uploads\/2025\/09\/LEDSPORTX.svg\",\"width\":1300,\"height\":162,\"caption\":\"LEDSportX \u2013 Solar LED Football Field Lighting Solutions\"},\"image\":{\"@id\":\"https:\/\/www.ledsportx.com\/#\/schema\/logo\/image\/\"}}]}<\/script>\n<!-- \/ Yoast SEO Premium plugin. -->","yoast_head_json":{"title":"Conditions g\u00e9n\u00e9rales de vente de LEDSportX solaire \u00e9clairage sportif","description":"Lisez les conditions d\u2019utilisation du site web et des services de LEDSportX. D\u00e9couvrez les sp\u00e9cifications de nos produits, nos politiques de prix et nos droits de propri\u00e9t\u00e9 intellectuelle.","robots":{"index":"index","follow":"follow","max-snippet":"max-snippet:-1","max-image-preview":"max-image-preview:large","max-video-preview":"max-video-preview:-1"},"canonical":"https:\/\/www.ledsportx.com\/fr\/terms\/","og_locale":"fr_FR","og_type":"article","og_title":"terms","og_description":"Read the terms and conditions for using LEDSportX's website and services. Learn about our product specifications, pricing policies, and intellectual property rights.","og_url":"https:\/\/www.ledsportx.com\/fr\/terms\/","og_site_name":"LEDSportX \u2013 Solar LED Football Field Lighting Solutions","article_modified_time":"2026-01-03T23:14:40+00:00","og_image":[{"width":2528,"height":1696,"url":"https:\/\/www.ledsportx.com\/wp-content\/uploads\/2025\/12\/LedSportX-lighting-poles-details.webp","type":"image\/webp"}],"schema":{"@context":"https:\/\/schema.org","@graph":[{"@type":"WebPage","@id":"https:\/\/www.ledsportx.com\/terms\/","url":"https:\/\/www.ledsportx.com\/terms\/","name":"Conditions g\u00e9n\u00e9rales de vente de LEDSportX solaire \u00e9clairage sportif","isPartOf":{"@id":"https:\/\/www.ledsportx.com\/#website"},"datePublished":"2025-12-22T20:18:15+00:00","dateModified":"2026-01-03T23:14:40+00:00","description":"Lisez les conditions d\u2019utilisation du site web et des services de LEDSportX. D\u00e9couvrez les sp\u00e9cifications de nos produits, nos politiques de prix et nos droits de propri\u00e9t\u00e9 intellectuelle.","breadcrumb":{"@id":"https:\/\/www.ledsportx.com\/terms\/#breadcrumb"},"inLanguage":"fr-FR","potentialAction":[{"@type":"ReadAction","target":["https:\/\/www.ledsportx.com\/terms\/"]}]},{"@type":"BreadcrumbList","@id":"https:\/\/www.ledsportx.com\/terms\/#breadcrumb","itemListElement":[{"@type":"ListItem","position":1,"name":"home","item":"https:\/\/www.ledsportx.com\/"},{"@type":"ListItem","position":2,"name":"terms"}]},{"@type":"WebSite","@id":"https:\/\/www.ledsportx.com\/#website","url":"https:\/\/www.ledsportx.com\/","name":"LEDSportX \u2013 Solutions d'\u00c9clairage LED Solaire pour Terrains de Football","description":"Dynamiser le jeu avec un \u00e9clairage durable et performant","publisher":{"@id":"https:\/\/www.ledsportx.com\/#organization"},"potentialAction":[{"@type":"SearchAction","target":{"@type":"EntryPoint","urlTemplate":"https:\/\/www.ledsportx.com\/?s={search_term_string}"},"query-input":"required name=search_term_string"}],"inLanguage":"fr-FR"},{"@type":"Organization","@id":"https:\/\/www.ledsportx.com\/#organization","name":"LEDSportX \u2013 Solutions d'\u00c9clairage LED Solaire pour Terrains de Football","url":"https:\/\/www.ledsportx.com\/","logo":{"@type":"ImageObject","inLanguage":"fr-FR","@id":"https:\/\/www.ledsportx.com\/#\/schema\/logo\/image\/","url":"https:\/\/www.ledsportx.com\/wp-content\/uploads\/2025\/09\/LEDSPORTX.svg","contentUrl":"https:\/\/www.ledsportx.com\/wp-content\/uploads\/2025\/09\/LEDSPORTX.svg","width":1300,"height":162,"caption":"LEDSportX \u2013 Solar LED Football Field Lighting Solutions"},"image":{"@id":"https:\/\/www.ledsportx.com\/#\/schema\/logo\/image\/"}}]}},"_links":{"self":[{"href":"https:\/\/www.ledsportx.com\/fr\/wp-json\/wp\/v2\/pages\/6084","targetHints":{"allow":["GET"]}}],"collection":[{"href":"https:\/\/www.ledsportx.com\/fr\/wp-json\/wp\/v2\/pages"}],"about":[{"href":"https:\/\/www.ledsportx.com\/fr\/wp-json\/wp\/v2\/types\/page"}],"author":[{"embeddable":true,"href":"https:\/\/www.ledsportx.com\/fr\/wp-json\/wp\/v2\/users\/1"}],"replies":[{"embeddable":true,"href":"https:\/\/www.ledsportx.com\/fr\/wp-json\/wp\/v2\/comments?post=6084"}],"version-history":[{"count":6,"href":"https:\/\/www.ledsportx.com\/fr\/wp-json\/wp\/v2\/pages\/6084\/revisions"}],"predecessor-version":[{"id":6732,"href":"https:\/\/www.ledsportx.com\/fr\/wp-json\/wp\/v2\/pages\/6084\/revisions\/6732"}],"wp:attachment":[{"href":"https:\/\/www.ledsportx.com\/fr\/wp-json\/wp\/v2\/media?parent=6084"}],"curies":[{"name":"Wp wp","href":"https:\/\/api.w.org\/{rel}","templated":true}]}}