{"id":6084,"date":"2025-12-22T20:18:15","date_gmt":"2025-12-22T20:18:15","guid":{"rendered":"https:\/\/www.ledsportx.com\/?page_id=6084"},"modified":"2026-01-03T23:14:40","modified_gmt":"2026-01-03T23:14:40","slug":"terms","status":"publish","type":"page","link":"https:\/\/www.ledsportx.com\/pt\/terms\/","title":{"rendered":"Termos"},"content":{"rendered":"<div data-elementor-type=\"wp-page\" data-elementor-id=\"6084\" class=\"elementor elementor-6084\" data-elementor-post-type=\"page\">\n\t\t\t\t<div class=\"elementor-element elementor-element-847394e e-con-full e-flex e-con e-parent\" data-id=\"847394e\" data-element_type=\"container\">\n\t\t<div class=\"elementor-element elementor-element-9912ba2 e-con-full e-flex e-con e-child\" data-id=\"9912ba2\" data-element_type=\"container\" data-settings=\"{&quot;background_background&quot;:&quot;slideshow&quot;,&quot;background_slideshow_gallery&quot;:[{&quot;id&quot;:2678,&quot;url&quot;:&quot;https:\\\/\\\/www.ledsportx.com\\\/wp-content\\\/uploads\\\/2025\\\/09\\\/Professional_Football_Field_Lighting_01.webp&quot;},{&quot;id&quot;:2679,&quot;url&quot;:&quot;https:\\\/\\\/www.ledsportx.com\\\/wp-content\\\/uploads\\\/2025\\\/09\\\/Professional_Football_Field_Lighting_03.webp&quot;}],&quot;background_slideshow_ken_burns&quot;:&quot;yes&quot;,&quot;background_slideshow_loop&quot;:&quot;yes&quot;,&quot;background_slideshow_slide_duration&quot;:5000,&quot;background_slideshow_slide_transition&quot;:&quot;fade&quot;,&quot;background_slideshow_transition_duration&quot;:500,&quot;background_slideshow_ken_burns_zoom_direction&quot;:&quot;in&quot;}\">\n\t\t<div class=\"elementor-element elementor-element-2e10fa6 e-flex e-con-boxed e-con e-child\" data-id=\"2e10fa6\" data-element_type=\"container\">\n\t\t\t\t\t<div class=\"e-con-inner\">\n\t\t\t\t<div class=\"elementor-element elementor-element-62bb2ba elementor-invisible elementor-widget elementor-widget-heading\" data-id=\"62bb2ba\" data-element_type=\"widget\" data-settings=\"{&quot;_animation&quot;:&quot;slideInDown&quot;}\" data-widget_type=\"heading.default\">\n\t\t\t\t\t<h1 class=\"elementor-heading-title elementor-size-default\">Termos e Condi\u00e7\u00f5es<\/h1>\t\t\t\t<\/div>\n\t\t\t\t<div class=\"elementor-element elementor-element-0521589 elementor-invisible elementor-widget elementor-widget-text-editor\" data-id=\"0521589\" data-element_type=\"widget\" data-settings=\"{&quot;_animation&quot;:&quot;slideInUp&quot;}\" data-widget_type=\"text-editor.default\">\n\t\t\t\t\t\t\t\t\t<p>Termos e Condi\u00e7\u00f5es de In\u00edcio &gt;<\/p>\t\t\t\t\t\t\t\t<\/div>\n\t\t\t\t\t<\/div>\n\t\t\t\t<\/div>\n\t\t\t\t<\/div>\n\t\t\t\t<\/div>\n\t\t<div class=\"elementor-element elementor-element-73d5342 e-flex e-con-boxed e-con e-parent\" data-id=\"73d5342\" data-element_type=\"container\">\n\t\t\t\t\t<div class=\"e-con-inner\">\n\t\t\t\t<div class=\"elementor-element elementor-element-bdfa894 elementor-widget elementor-widget-text-editor\" data-id=\"bdfa894\" data-element_type=\"widget\" data-widget_type=\"text-editor.default\">\n\t\t\t\t\t\t\t\t\t<div class=\"legal-document-container\" style=\"line-height: 1.8; color: #333; max-width: 900px; margin: 0 auto; padding: 20px;\"><p style=\"color: #666; font-size: 0.9rem;\"><strong>\u00daltima atualiza\u00e7\u00e3o: 22 de dezembro de 2025<\/strong><\/p><p style=\"background: #f9f9f9; padding: 20px; border-left: 4px solid #FFD700; margin: 30px 0;\">Bem-vindo ao nosso site! Este documento \u00e9 um acordo legalmente vinculativo entre voc\u00ea, como usu\u00e1rio(s) do site (referido como \u201cvoc\u00ea\u201d, \u201cseu\u201d ou \u201cUsu\u00e1rio\u201d daqui em diante) e <a href=\"https:\/\/www.ledsportx.com\/pt\/\" target=\"_blank\" rel=\"noopener\"><strong>www.ledsportx.com<\/strong><\/a> \u2014 propriet\u00e1rio do local www.ledsportx.com.<\/p><h2 style=\"font-size: 1.5rem; color: #1a1a1a; margin-top: 40px;\">1. Aplica\u00e7\u00e3o e Aceita\u00e7\u00e3o dos Termos<\/h2><div style=\"padding-left: 15px;\"><p><strong>1.1<\/strong> Seu uso dos servi\u00e7os e produtos da www.ledsportx.com est\u00e1 sujeito aos termos e condi\u00e7\u00f5es contidos neste documento, bem como \u00e0 Pol\u00edtica de Privacidade. Ao acessar o site, voc\u00ea concorda em estar vinculado a estes Termos.<\/p><p><strong>1.2<\/strong> Voc\u00ea n\u00e3o pode usar os Servi\u00e7os se (a) n\u00e3o tiver idade legal para formar um contrato vinculativo, ou (b) n\u00e3o tiver permiss\u00e3o para receber Servi\u00e7os sob as leis da Rep\u00fablica Russa, China ou outras jurisdi\u00e7\u00f5es aplic\u00e1veis.<\/p><p><strong>1.3<\/strong> A LEDSportX pode alterar quaisquer Termos a qualquer momento, publicando os Termos alterados no site. O uso cont\u00ednuo dos Servi\u00e7os constitui aceita\u00e7\u00e3o dos Termos alterados.<\/p><\/div><h2 style=\"font-size: 1.5rem; color: #1a1a1a; margin-top: 40px;\">2. Usu\u00e1rios em geral<\/h2><div style=\"padding-left: 15px;\"><p><strong>2.1<\/strong> Voc\u00ea concorda em cumprir todas as leis e regulamentos aplic\u00e1veis ao usar www.ledsportx.com.<\/p><p><strong>2.2<\/strong> Voc\u00ea deve ler e aceitar o <strong>Pol\u00edtica de Privacidade<\/strong>, que regula a prote\u00e7\u00e3o e o uso de informa\u00e7\u00f5es pessoais em nossa posse.<\/p><p><strong>2.3<\/strong> Os usu\u00e1rios s\u00e3o proibidos de tentar minar a integridade dos sistemas de computador ou redes do LEDSportX ou obter acesso n\u00e3o autorizado.<\/p><p><strong>2.4<\/strong> <span style=\"text-decoration: underline;\">Prote\u00e7\u00e3o da Propriedade Intelectual:<\/span> Voc\u00ea concorda em n\u00e3o aproveitar as informa\u00e7\u00f5es listadas no site para atividades como: defini\u00e7\u00e3o de pre\u00e7os competitivos, prepara\u00e7\u00e3o do conte\u00fado do site ou redi\u00e7\u00e3o de contratos sem a participa\u00e7\u00e3o da LEDSportX.<\/p><\/div><h2 style=\"font-size: 1.5rem; color: #1a1a1a; margin-top: 40px;\">3. Produtos e Pre\u00e7os<\/h2><div style=\"padding-left: 15px;\"><p><strong>3.1<\/strong> \u00c0 medida que atualizamos continuamente nossos produtos, quaisquer especifica\u00e7\u00f5es t\u00e9cnicas ou n\u00e3o t\u00e9cnicas (incluindo relat\u00f3rios, simula\u00e7\u00f5es do Dialux e imagens) podem ser alteradas sem aviso pr\u00e9vio.<\/p><p><strong>3.2<\/strong> Os pre\u00e7os fornecidos no site ou por representantes podem ser alterados sem aviso pr\u00e9vio.<\/p><\/div><h2 style=\"font-size: 1.5rem; color: #1a1a1a; margin-top: 40px;\">4. Limita\u00e7\u00e3o de Responsabilidade<\/h2><div style=\"padding-left: 15px;\"><p><strong>4.1<\/strong> Qualquer material obtido por meio do www.ledsportx.com \u00e9 feito a crit\u00e9rio e risco exclusivos de cada Usu\u00e1rio. A LEDSportX n\u00e3o se responsabiliza por danos aos sistemas de computador ou perda de dados resultantes desses downloads.<\/p><\/div><hr style=\"margin-top: 50px; border: 0; border-top: 1px solid #eee;\" \/><p style=\"text-align: center; color: #999; font-size: 0.8rem;\">\u00a9 LEDSportX 2025. Todos os direitos reservados.<\/p><\/div>\t\t\t\t\t\t\t\t<\/div>\n\t\t\t\t\t<\/div>\n\t\t\t\t<\/div>\n\t\t\t\t<\/div>","protected":false},"excerpt":{"rendered":"<p>Termos e Condi\u00e7\u00f5es Inicial &gt; Termos e Condi\u00e7\u00f5es \u00daltima Atualiza\u00e7\u00e3o: 22 de dezembro de 2025 Bem-vindo ao nosso site! Este documento \u00e9 [...]<\/p>","protected":false},"author":1,"featured_media":0,"parent":0,"menu_order":0,"comment_status":"closed","ping_status":"closed","template":"","meta":{"site-sidebar-layout":"no-sidebar","site-content-layout":"page-builder","ast-site-content-layout":"full-width-container","site-content-style":"default","site-sidebar-style":"default","ast-global-header-display":"","ast-banner-title-visibility":"","ast-main-header-display":"","ast-hfb-above-header-display":"","ast-hfb-below-header-display":"","ast-hfb-mobile-header-display":"","site-post-title":"","ast-breadcrumbs-content":"","ast-featured-img":"disabled","footer-sml-layout":"","theme-transparent-header-meta":"","adv-header-id-meta":"","stick-header-meta":"","header-above-stick-meta":"","header-main-stick-meta":"","header-below-stick-meta":"","astra-migrate-meta-layouts":"set","ast-page-background-enabled":"default","ast-page-background-meta":{"desktop":{"background-color":"var(--ast-global-color-4)","background-image":"","background-repeat":"repeat","background-position":"center center","background-size":"auto","background-attachment":"scroll","background-type":"","background-media":"","overlay-type":"","overlay-color":"","overlay-opacity":"","overlay-gradient":""},"tablet":{"background-color":"","background-image":"","background-repeat":"repeat","background-position":"center center","background-size":"auto","background-attachment":"scroll","background-type":"","background-media":"","overlay-type":"","overlay-color":"","overlay-opacity":"","overlay-gradient":""},"mobile":{"background-color":"","background-image":"","background-repeat":"repeat","background-position":"center center","background-size":"auto","background-attachment":"scroll","background-type":"","background-media":"","overlay-type":"","overlay-color":"","overlay-opacity":"","overlay-gradient":""}},"ast-content-background-meta":{"desktop":{"background-color":"var(--ast-global-color-5)","background-image":"","background-repeat":"repeat","background-position":"center center","background-size":"auto","background-attachment":"scroll","background-type":"","background-media":"","overlay-type":"","overlay-color":"","overlay-opacity":"","overlay-gradient":""},"tablet":{"background-color":"var(--ast-global-color-5)","background-image":"","background-repeat":"repeat","background-position":"center center","background-size":"auto","background-attachment":"scroll","background-type":"","background-media":"","overlay-type":"","overlay-color":"","overlay-opacity":"","overlay-gradient":""},"mobile":{"background-color":"var(--ast-global-color-5)","background-image":"","background-repeat":"repeat","background-position":"center center","background-size":"auto","background-attachment":"scroll","background-type":"","background-media":"","overlay-type":"","overlay-color":"","overlay-opacity":"","overlay-gradient":""}},"footnotes":""},"class_list":["post-6084","page","type-page","status-publish","hentry"],"yoast_head":"<!-- This site is optimized with the Yoast SEO Premium plugin v23.0 (Yoast SEO v23.0) - https:\/\/yoast.com\/wordpress\/plugins\/seo\/ -->\n<title>Terms and Conditions | LEDSportX Solar Sports Lighting<\/title>\n<meta name=\"description\" content=\"Read the terms and conditions for using LEDSportX&#039;s website and services. Learn about our product specifications, pricing policies, and intellectual property rights.\" \/>\n<meta name=\"robots\" content=\"index, follow, max-snippet:-1, max-image-preview:large, max-video-preview:-1\" \/>\n<link rel=\"canonical\" href=\"https:\/\/www.ledsportx.com\/pt\/terms\/\" \/>\n<meta property=\"og:locale\" content=\"pt_BR\" \/>\n<meta property=\"og:type\" content=\"article\" \/>\n<meta property=\"og:title\" content=\"terms\" \/>\n<meta property=\"og:description\" content=\"Read the terms and conditions for using LEDSportX&#039;s website and services. Learn about our product specifications, pricing policies, and intellectual property rights.\" \/>\n<meta property=\"og:url\" content=\"https:\/\/www.ledsportx.com\/pt\/terms\/\" \/>\n<meta property=\"og:site_name\" content=\"LEDSportX \u2013 Solar LED Football Field Lighting Solutions\" \/>\n<meta property=\"article:modified_time\" content=\"2026-01-03T23:14:40+00:00\" \/>\n<meta property=\"og:image\" content=\"https:\/\/www.ledsportx.com\/wp-content\/uploads\/2025\/12\/LedSportX-lighting-poles-details.webp\" \/>\n\t<meta property=\"og:image:width\" content=\"2528\" \/>\n\t<meta property=\"og:image:height\" content=\"1696\" \/>\n\t<meta property=\"og:image:type\" content=\"image\/webp\" \/>\n<script type=\"application\/ld+json\" class=\"yoast-schema-graph\">{\"@context\":\"https:\/\/schema.org\",\"@graph\":[{\"@type\":\"WebPage\",\"@id\":\"https:\/\/www.ledsportx.com\/terms\/\",\"url\":\"https:\/\/www.ledsportx.com\/terms\/\",\"name\":\"Terms and Conditions | LEDSportX Solar Sports Lighting\",\"isPartOf\":{\"@id\":\"https:\/\/www.ledsportx.com\/#website\"},\"datePublished\":\"2025-12-22T20:18:15+00:00\",\"dateModified\":\"2026-01-03T23:14:40+00:00\",\"description\":\"Read the terms and conditions for using LEDSportX's website and services. Learn about our product specifications, pricing policies, and intellectual property rights.\",\"breadcrumb\":{\"@id\":\"https:\/\/www.ledsportx.com\/terms\/#breadcrumb\"},\"inLanguage\":\"pt-BR\",\"potentialAction\":[{\"@type\":\"ReadAction\",\"target\":[\"https:\/\/www.ledsportx.com\/terms\/\"]}]},{\"@type\":\"BreadcrumbList\",\"@id\":\"https:\/\/www.ledsportx.com\/terms\/#breadcrumb\",\"itemListElement\":[{\"@type\":\"ListItem\",\"position\":1,\"name\":\"home\",\"item\":\"https:\/\/www.ledsportx.com\/\"},{\"@type\":\"ListItem\",\"position\":2,\"name\":\"terms\"}]},{\"@type\":\"WebSite\",\"@id\":\"https:\/\/www.ledsportx.com\/#website\",\"url\":\"https:\/\/www.ledsportx.com\/\",\"name\":\"LEDSportX \u2013 Solar LED Football Field Lighting Solutions\",\"description\":\"Powering the Game with Sustainable &amp; High-Performance Lighting\",\"publisher\":{\"@id\":\"https:\/\/www.ledsportx.com\/#organization\"},\"potentialAction\":[{\"@type\":\"SearchAction\",\"target\":{\"@type\":\"EntryPoint\",\"urlTemplate\":\"https:\/\/www.ledsportx.com\/?s={search_term_string}\"},\"query-input\":\"required name=search_term_string\"}],\"inLanguage\":\"pt-BR\"},{\"@type\":\"Organization\",\"@id\":\"https:\/\/www.ledsportx.com\/#organization\",\"name\":\"LEDSportX \u2013 Solar LED Football Field Lighting Solutions\",\"url\":\"https:\/\/www.ledsportx.com\/\",\"logo\":{\"@type\":\"ImageObject\",\"inLanguage\":\"pt-BR\",\"@id\":\"https:\/\/www.ledsportx.com\/#\/schema\/logo\/image\/\",\"url\":\"https:\/\/www.ledsportx.com\/wp-content\/uploads\/2025\/09\/LEDSPORTX.svg\",\"contentUrl\":\"https:\/\/www.ledsportx.com\/wp-content\/uploads\/2025\/09\/LEDSPORTX.svg\",\"width\":1300,\"height\":162,\"caption\":\"LEDSportX \u2013 Solar LED Football Field Lighting Solutions\"},\"image\":{\"@id\":\"https:\/\/www.ledsportx.com\/#\/schema\/logo\/image\/\"}}]}<\/script>\n<!-- \/ Yoast SEO Premium plugin. -->","yoast_head_json":{"title":"Termos e Condi\u00e7\u00f5es | LEDSportX Ilumina\u00e7\u00e3o Solar Esportiva","description":"Leia os termos e condi\u00e7\u00f5es para usar o site e os servi\u00e7os da LEDSportX. Saiba mais sobre nossas especifica\u00e7\u00f5es de produtos, pol\u00edticas de pre\u00e7os e direitos de propriedade intelectual.","robots":{"index":"index","follow":"follow","max-snippet":"max-snippet:-1","max-image-preview":"max-image-preview:large","max-video-preview":"max-video-preview:-1"},"canonical":"https:\/\/www.ledsportx.com\/pt\/terms\/","og_locale":"pt_BR","og_type":"article","og_title":"terms","og_description":"Read the terms and conditions for using LEDSportX's website and services. Learn about our product specifications, pricing policies, and intellectual property rights.","og_url":"https:\/\/www.ledsportx.com\/pt\/terms\/","og_site_name":"LEDSportX \u2013 Solar LED Football Field Lighting Solutions","article_modified_time":"2026-01-03T23:14:40+00:00","og_image":[{"width":2528,"height":1696,"url":"https:\/\/www.ledsportx.com\/wp-content\/uploads\/2025\/12\/LedSportX-lighting-poles-details.webp","type":"image\/webp"}],"schema":{"@context":"https:\/\/schema.org","@graph":[{"@type":"WebPage","@id":"https:\/\/www.ledsportx.com\/terms\/","url":"https:\/\/www.ledsportx.com\/terms\/","name":"Termos e Condi\u00e7\u00f5es | LEDSportX Ilumina\u00e7\u00e3o Solar Esportiva","isPartOf":{"@id":"https:\/\/www.ledsportx.com\/#website"},"datePublished":"2025-12-22T20:18:15+00:00","dateModified":"2026-01-03T23:14:40+00:00","description":"Leia os termos e condi\u00e7\u00f5es para usar o site e os servi\u00e7os da LEDSportX. Saiba mais sobre nossas especifica\u00e7\u00f5es de produtos, pol\u00edticas de pre\u00e7os e direitos de propriedade intelectual.","breadcrumb":{"@id":"https:\/\/www.ledsportx.com\/terms\/#breadcrumb"},"inLanguage":"pt-BR","potentialAction":[{"@type":"ReadAction","target":["https:\/\/www.ledsportx.com\/terms\/"]}]},{"@type":"BreadcrumbList","@id":"https:\/\/www.ledsportx.com\/terms\/#breadcrumb","itemListElement":[{"@type":"ListItem","position":1,"name":"home","item":"https:\/\/www.ledsportx.com\/"},{"@type":"ListItem","position":2,"name":"terms"}]},{"@type":"WebSite","@id":"https:\/\/www.ledsportx.com\/#website","url":"https:\/\/www.ledsportx.com\/","name":"LEDSportX \u2013 Solu\u00e7\u00f5es de Ilumina\u00e7\u00e3o LED Solar para Campos de Futebol","description":"Impulsionando o Jogo com Ilumina\u00e7\u00e3o Sustent\u00e1vel e de Alto Desempenho","publisher":{"@id":"https:\/\/www.ledsportx.com\/#organization"},"potentialAction":[{"@type":"SearchAction","target":{"@type":"EntryPoint","urlTemplate":"https:\/\/www.ledsportx.com\/?s={search_term_string}"},"query-input":"required name=search_term_string"}],"inLanguage":"pt-BR"},{"@type":"Organization","@id":"https:\/\/www.ledsportx.com\/#organization","name":"LEDSportX \u2013 Solu\u00e7\u00f5es de Ilumina\u00e7\u00e3o LED Solar para Campos de Futebol","url":"https:\/\/www.ledsportx.com\/","logo":{"@type":"ImageObject","inLanguage":"pt-BR","@id":"https:\/\/www.ledsportx.com\/#\/schema\/logo\/image\/","url":"https:\/\/www.ledsportx.com\/wp-content\/uploads\/2025\/09\/LEDSPORTX.svg","contentUrl":"https:\/\/www.ledsportx.com\/wp-content\/uploads\/2025\/09\/LEDSPORTX.svg","width":1300,"height":162,"caption":"LEDSportX \u2013 Solar LED Football Field Lighting Solutions"},"image":{"@id":"https:\/\/www.ledsportx.com\/#\/schema\/logo\/image\/"}}]}},"_links":{"self":[{"href":"https:\/\/www.ledsportx.com\/pt\/wp-json\/wp\/v2\/pages\/6084","targetHints":{"allow":["GET"]}}],"collection":[{"href":"https:\/\/www.ledsportx.com\/pt\/wp-json\/wp\/v2\/pages"}],"about":[{"href":"https:\/\/www.ledsportx.com\/pt\/wp-json\/wp\/v2\/types\/page"}],"author":[{"embeddable":true,"href":"https:\/\/www.ledsportx.com\/pt\/wp-json\/wp\/v2\/users\/1"}],"replies":[{"embeddable":true,"href":"https:\/\/www.ledsportx.com\/pt\/wp-json\/wp\/v2\/comments?post=6084"}],"version-history":[{"count":6,"href":"https:\/\/www.ledsportx.com\/pt\/wp-json\/wp\/v2\/pages\/6084\/revisions"}],"predecessor-version":[{"id":6732,"href":"https:\/\/www.ledsportx.com\/pt\/wp-json\/wp\/v2\/pages\/6084\/revisions\/6732"}],"wp:attachment":[{"href":"https:\/\/www.ledsportx.com\/pt\/wp-json\/wp\/v2\/media?parent=6084"}],"curies":[{"name":"WP","href":"https:\/\/api.w.org\/{rel}","templated":true}]}}